{"id":293,"date":"2020-06-06T09:33:03","date_gmt":"2020-06-06T09:33:03","guid":{"rendered":"http:\/\/www.matiasgomatomas.com\/contacto\/"},"modified":"2026-03-13T09:53:44","modified_gmt":"2026-03-13T09:53:44","slug":"contacte","status":"publish","type":"page","link":"https:\/\/www.matiasgomatomas.com\/ca\/contacte\/","title":{"rendered":"Contacte"},"content":{"rendered":"<section class=\"wpb-content-wrapper\"><p>[vc_row css_animation=&#8221;&#8221; row_type=&#8221;row&#8221; use_row_as_full_screen_section=&#8221;no&#8221; type=&#8221;grid&#8221; angled_section=&#8221;no&#8221; text_align=&#8221;left&#8221; background_image_as_pattern=&#8221;without_pattern&#8221; el_class=&#8221;paddingcabecera&#8221; z_index=&#8221;&#8221; css=&#8221;.vc_custom_1592297873669{background-image: url(http:\/\/www.matiasgomatomas.com\/wp-content\/uploads\/2020\/06\/matias-goma-tomas-contacto.jpg?id=135) !important;}&#8221;][vc_column css_animation=&#8221;fadeIn&#8221;][vc_column_text]<\/p>\n<h1>VOLS UNIR-TE AL MOVIMENT<br \/>\nMAKING PAPER TO RECYCLE THE WORLD?<\/h1>\n<p>[\/vc_column_text][\/vc_column][\/vc_row][vc_row css_animation=&#8221;&#8221; row_type=&#8221;row&#8221; use_row_as_full_screen_section=&#8221;no&#8221; type=&#8221;grid&#8221; angled_section=&#8221;no&#8221; text_align=&#8221;left&#8221; background_image_as_pattern=&#8221;without_pattern&#8221; el_class=&#8221;paddingsecciones&#8221; z_index=&#8221;&#8221;][vc_column css_animation=&#8221;fadeIn&#8221; width=&#8221;1\/4&#8243; el_class=&#8221;cuadroscontacto&#8221;][vc_single_image image=&#8221;252&#8243; img_size=&#8221;full&#8221; alignment=&#8221;center&#8221; qode_css_animation=&#8221;&#8221;][vc_column_text]<\/p>\n<h2>CANDIDATS<\/h2>\n<p>T\u2019agradaria unir-te a la fam\u00edlia que treballa en <strong>MGT<\/strong>?<\/p>\n<p><a href=\"mailto:personas@matiasgomatomas.com\" target=\"_blank\" rel=\"noopener noreferrer\">PRESENTA&#8217;T<\/a>[\/vc_column_text][vc_empty_space height=&#8221;20px&#8221;][\/vc_column][vc_column css_animation=&#8221;fadeIn&#8221; width=&#8221;1\/4&#8243; el_class=&#8221;cuadroscontacto&#8221;][vc_single_image image=&#8221;251&#8243; img_size=&#8221;full&#8221; alignment=&#8221;center&#8221; qode_css_animation=&#8221;&#8221;][vc_column_text]<\/p>\n<h2>CLIENTS<\/h2>\n<p>Vols saber m\u00e9s sobre les nostres solucions?<\/p>\n<p><a href=\"mailto:hola@matiasgomatomas.com\">EN PARLEM<\/a>[\/vc_column_text][vc_empty_space height=&#8221;20px&#8221;][\/vc_column][vc_column css_animation=&#8221;fadeIn&#8221; width=&#8221;1\/4&#8243; el_class=&#8221;cuadroscontacto&#8221;][vc_single_image image=&#8221;261&#8243; img_size=&#8221;full&#8221; alignment=&#8221;center&#8221; qode_css_animation=&#8221;&#8221;][vc_column_text]<\/p>\n<h2>TECNOLOGIA<\/h2>\n<p>Tens maquin\u00e0ria<br \/>\ninnovadora?<\/p>\n<p><a href=\"mailto:tecnologia@matiasgomatomas.com\">T&#8217;ESCOLTEM<\/a>[\/vc_column_text][vc_empty_space height=&#8221;20px&#8221;][\/vc_column][vc_column css_animation=&#8221;fadeIn&#8221; width=&#8221;1\/4&#8243; el_class=&#8221;cuadroscontacto&#8221;][vc_single_image image=&#8221;249&#8243; img_size=&#8221;full&#8221; alignment=&#8221;center&#8221; qode_css_animation=&#8221;&#8221;][vc_column_text]<\/p>\n<h2>ADMINISTRACI\u00d3<\/h2>\n<p>Necessites aclarir cap dubte comptable?<\/p>\n<p><a href=\"mailto:administracion@matiasgomatomas.com\">T&#8217;AJUDEM<\/a>[\/vc_column_text][vc_empty_space height=&#8221;20px&#8221;][\/vc_column][\/vc_row][vc_row css_animation=&#8221;&#8221; row_type=&#8221;row&#8221; use_row_as_full_screen_section=&#8221;no&#8221; type=&#8221;grid&#8221; angled_section=&#8221;no&#8221; text_align=&#8221;left&#8221; background_image_as_pattern=&#8221;without_pattern&#8221; el_class=&#8221;paddingsecciones&#8221; z_index=&#8221;&#8221;][vc_column css_animation=&#8221;fadeIn&#8221;][vc_column_text el_class=&#8221;center&#8221;]Sempre pots trucar-nos, escriure\u2019ns, visitar-nos o seguir-nos en les xarxes.[\/vc_column_text][vc_empty_space height=&#8221;30px&#8221;][vc_row_inner row_type=&#8221;row&#8221; type=&#8221;full_width&#8221; text_align=&#8221;left&#8221; css_animation=&#8221;&#8221;][vc_column_inner el_class=&#8221;iconoshome&#8221; width=&#8221;1\/3&#8243;][vc_single_image image=&#8221;257&#8243; img_size=&#8221;full&#8221; alignment=&#8221;center&#8221; qode_css_animation=&#8221;&#8221;][vc_column_text]<\/p>\n<h3>TRUCA&#8217;NS<\/h3>\n<p><a href=\"tel:+34977876040\">+34 977 876 040<\/a>[\/vc_column_text][\/vc_column_inner][vc_column_inner el_class=&#8221;iconoshome&#8221; width=&#8221;1\/3&#8243;][vc_single_image image=&#8221;254&#8243; img_size=&#8221;full&#8221; alignment=&#8221;center&#8221; qode_css_animation=&#8221;&#8221;][vc_column_text]<\/p>\n<h3>ESCRIU-NOS<\/h3>\n<p><a href=\"mailto:hola@matiasgomatomas.com\">hola@matiasgomatomas.com<\/a>[\/vc_column_text][\/vc_column_inner][vc_column_inner el_class=&#8221;iconoshome&#8221; width=&#8221;1\/3&#8243;][vc_single_image image=&#8221;260&#8243; img_size=&#8221;full&#8221; alignment=&#8221;center&#8221; qode_css_animation=&#8221;&#8221;][vc_column_text]<\/p>\n<h3>SEGUEIX-NOS<\/h3>\n<p><a href=\"https:\/\/www.linkedin.com\/company\/matias-goma-tomas\/\" target=\"_blank\" rel=\"noopener noreferrer\">Mat\u00edas Gom\u00e1 Tom\u00e1s<\/a>[\/vc_column_text][\/vc_column_inner][\/vc_row_inner][\/vc_column][\/vc_row][vc_row css_animation=&#8221;&#8221; row_type=&#8221;row&#8221; use_row_as_full_screen_section=&#8221;no&#8221; type=&#8221;grid&#8221; angled_section=&#8221;no&#8221; text_align=&#8221;left&#8221; background_image_as_pattern=&#8221;without_pattern&#8221; el_class=&#8221;paddingseccionescolor&#8221; z_index=&#8221;&#8221;][vc_column css_animation=&#8221;fadeIn&#8221;][vc_column_text el_class=&#8221;center&#8221;]<\/p>\n<p class=\"center\"><strong>SI NO TENS CLAR AMB QUI PARLAR, ENVIA&#8217;NS EL TEU MISSATGE A TRAV\u00c9S DEL FORMULARI SEG\u00dcENT:<\/strong><\/p>\n<p><strong>\u00a0<\/strong><\/p>\n<div class=\"espacio30\"><\/div>\n<p>[\/vc_column_text]\n<div class=\"wpcf7 no-js\" id=\"wpcf7-f565-o1\" lang=\"es-ES\" dir=\"ltr\" data-wpcf7-id=\"565\">\n<div class=\"screen-reader-response\"><p role=\"status\" aria-live=\"polite\" aria-atomic=\"true\"><\/p> <ul><\/ul><\/div>\n<form action=\"\/ca\/wp-json\/wp\/v2\/pages\/293#wpcf7-f565-o1\" method=\"post\" class=\"wpcf7-form init cf7_custom_style_1\" aria-label=\"Formulario de contacto\" novalidate=\"novalidate\" data-status=\"init\">\n<fieldset class=\"hidden-fields-container\"><input type=\"hidden\" name=\"_wpcf7\" value=\"565\" \/><input type=\"hidden\" name=\"_wpcf7_version\" value=\"6.1.5\" \/><input type=\"hidden\" name=\"_wpcf7_locale\" value=\"es_ES\" \/><input type=\"hidden\" name=\"_wpcf7_unit_tag\" value=\"wpcf7-f565-o1\" \/><input type=\"hidden\" name=\"_wpcf7_container_post\" value=\"0\" \/><input type=\"hidden\" name=\"_wpcf7_posted_data_hash\" value=\"\" \/>\n<\/fieldset>\n<div id=\"responsive-form\" class=\"clearfix\">\n\t<div class=\"form-row\">\n\t\t<div class=\"column-half\">\n\t\t\t<p><span class=\"wpcf7-form-control-wrap\" data-name=\"first-name\"><input size=\"40\" maxlength=\"400\" class=\"wpcf7-form-control wpcf7-text wpcf7-validates-as-required\" aria-required=\"true\" aria-invalid=\"false\" placeholder=\"Nom (obligatori)\" value=\"\" type=\"text\" name=\"first-name\" \/><\/span>\n\t\t\t<\/p>\n\t\t<\/div>\n\t\t<div class=\"column-half\">\n\t\t\t<p><span class=\"wpcf7-form-control-wrap\" data-name=\"last-name\"><input size=\"40\" maxlength=\"400\" class=\"wpcf7-form-control wpcf7-text wpcf7-validates-as-required\" aria-required=\"true\" aria-invalid=\"false\" placeholder=\"Cognoms (obligatori)\" value=\"\" type=\"text\" name=\"last-name\" \/><\/span>\n\t\t\t<\/p>\n\t\t<\/div>\n\t<\/div>\n\t<div class=\"form-row\">\n\t\t<div class=\"column-full\">\n\t\t\t<p><span class=\"wpcf7-form-control-wrap\" data-name=\"your-empresa\"><input size=\"40\" maxlength=\"400\" class=\"wpcf7-form-control wpcf7-text wpcf7-validates-as-required\" aria-required=\"true\" aria-invalid=\"false\" placeholder=\"Empresa\" value=\"\" type=\"text\" name=\"your-empresa\" \/><\/span>\n\t\t\t<\/p>\n\t\t<\/div>\n\t<\/div>\n\t<div class=\"form-row\">\n\t\t<div class=\"column-half\">\n\t\t\t<p><span class=\"wpcf7-form-control-wrap\" data-name=\"your-email\"><input size=\"40\" maxlength=\"400\" class=\"wpcf7-form-control wpcf7-email wpcf7-validates-as-required wpcf7-text wpcf7-validates-as-email\" aria-required=\"true\" aria-invalid=\"false\" placeholder=\"Email (obligatori)\" value=\"\" type=\"email\" name=\"your-email\" \/><\/span>\n\t\t\t<\/p>\n\t\t<\/div>\n\t\t<div class=\"column-half\">\n\t\t\t<p><span class=\"wpcf7-form-control-wrap\" data-name=\"your-phone\"><input size=\"40\" maxlength=\"400\" class=\"wpcf7-form-control wpcf7-text wpcf7-validates-as-required\" aria-required=\"true\" aria-invalid=\"false\" placeholder=\"Tel\u00e8fon\" value=\"\" type=\"text\" name=\"your-phone\" \/><\/span>\n\t\t\t<\/p>\n\t\t<\/div>\n\t<\/div>\n\t<div class=\"form-row\">\n\t\t<div class=\"column-full\">\n\t\t\t<p><span class=\"wpcf7-form-control-wrap\" data-name=\"your-message\"><textarea cols=\"40\" rows=\"10\" maxlength=\"2000\" class=\"wpcf7-form-control wpcf7-textarea\" aria-invalid=\"false\" name=\"your-message\">Assumpte<\/textarea><\/span>\n\t\t\t<\/p>\n\t\t<\/div>\n\t<\/div>\n\t<p><span class=\"wpcf7-form-control-wrap\" data-name=\"acceptance-50\"><span class=\"wpcf7-form-control wpcf7-acceptance\"><span class=\"wpcf7-list-item\"><input type=\"checkbox\" name=\"acceptance-50\" value=\"1\" aria-invalid=\"false\" \/><\/span><\/span><\/span> He llegit i accepto les <a href=\"https:\/\/www.matiasgomatomas.com\/ca\/politica-de-privacitat\" target=\"_blank\">cl\u00e0usules de consentiment i textos legals<\/a>.\n\t<\/p>\n\t<div class=\"form-row\">\n\t\t<div class=\"column-full\">\n\t\t\t<p><input class=\"wpcf7-form-control wpcf7-submit has-spinner\" type=\"submit\" value=\"Enviar\" \/>\n\t\t\t<\/p>\n\t\t<\/div>\n\t<\/div>\n<\/div><!--end responsive-form--><div class=\"wpcf7-response-output\" aria-hidden=\"true\"><\/div>\n<\/form>\n<\/div>\n[\/vc_column][\/vc_row][vc_row css_animation=&#8221;&#8221; row_type=&#8221;row&#8221; use_row_as_full_screen_section=&#8221;no&#8221; type=&#8221;grid&#8221; angled_section=&#8221;no&#8221; text_align=&#8221;left&#8221; background_image_as_pattern=&#8221;without_pattern&#8221; el_class=&#8221;paddingseccionescolor bordertop&#8221; z_index=&#8221;&#8221; el_id=&#8221;BloqueDescargas&#8221;][vc_column][vc_column_text el_class=&#8221;center&#8221;]<\/p>\n<h2 class=\"titulos\">DESC\u00c0RREGUES<\/h2>\n<p>Volem compartir amb tu les nostres fitxes de producte, certificacions i altres documents d&#8217;inter\u00e8s.<\/p>\n<div class=\"espacio30\"><\/div>\n<p>[\/vc_column_text][vc_row_inner row_type=&#8221;row&#8221; type=&#8221;full_width&#8221; text_align=&#8221;left&#8221; css_animation=&#8221;&#8221;][vc_column_inner width=&#8221;1\/3&#8243;][vc_column_text]<\/p>\n<h4 class=\"titulofichas\">FITXES DE PRODUCTES<\/h4>\n<p>[\/vc_column_text][vc_empty_space height=&#8221;20px&#8221;][vc_column_text]<\/p>\n<div class=\"iconosdescargas\"><img decoding=\"async\" class=\"iconpdf\" src=\"http:\/\/www.matiasgomatomas.com\/wp-content\/uploads\/2020\/06\/iconopdf.png\" \/><a href=\"https:\/\/www.matiasgomatomas.com\/wp-content\/uploads\/2024\/01\/BICOLOR_MGT2024100-180.pdf\" target=\"_blank\" rel=\"noopener noreferrer\"><span class=\"titulodescargas\">BICOLOR (TL4)<\/span><\/a><\/div>\n<p>[\/vc_column_text][vc_column_text]<\/p>\n<div class=\"iconosdescargas\"><img decoding=\"async\" class=\"iconpdf\" src=\"http:\/\/www.matiasgomatomas.com\/wp-content\/uploads\/2020\/06\/iconopdf.png\" \/><a href=\"https:\/\/www.matiasgomatomas.com\/wp-content\/uploads\/2024\/01\/TESTLINER_MGT2024100-170.pdf\" target=\"_blank\" rel=\"noopener noreferrer\"><span class=\"titulodescargas\">TESTLINER (TL3)<\/span><\/a><\/div>\n<p>[\/vc_column_text][vc_column_text]<\/p>\n<div class=\"iconosdescargas\"><img decoding=\"async\" class=\"iconpdf\" src=\"http:\/\/www.matiasgomatomas.com\/wp-content\/uploads\/2020\/06\/iconopdf.png\" \/><a href=\"https:\/\/www.matiasgomatomas.com\/wp-content\/uploads\/2024\/01\/FLUTING-HP_MGT2024110-170.pdf\" target=\"_blank\" rel=\"noopener noreferrer\"><span class=\"titulodescargas\">FLUTING HP<\/span><\/a><\/div>\n<p>[\/vc_column_text][vc_column_text]<\/p>\n<div class=\"iconosdescargas\"><img decoding=\"async\" class=\"iconpdf\" src=\"http:\/\/www.matiasgomatomas.com\/wp-content\/uploads\/2020\/06\/iconopdf.png\" \/><a href=\"https:\/\/www.matiasgomatomas.com\/wp-content\/uploads\/2024\/01\/DUAL_MGT2024110-200.pdf\" target=\"_blank\" rel=\"noopener noreferrer\"><span class=\"titulodescargas\">DUAL USE (TL2)<\/span><\/a><\/div>\n<p>[\/vc_column_text][\/vc_column_inner][vc_column_inner width=&#8221;1\/3&#8243;][vc_column_text]<\/p>\n<h4 class=\"titulofichas\">CERTIFICACIONS<\/h4>\n<p>[\/vc_column_text][vc_empty_space height=&#8221;20px&#8221;][vc_column_text]<\/p>\n<div class=\"iconosdescargas\"><img decoding=\"async\" class=\"iconpdf\" src=\"http:\/\/www.matiasgomatomas.com\/wp-content\/uploads\/2020\/06\/iconopdf.png\" \/><span class=\"titulodescargas\"><a href=\"https:\/\/www.matiasgomatomas.com\/wp-content\/uploads\/2022\/09\/CertificadoER-0245-2019_ES_2021-09-16.pdf\" target=\"_blank\" rel=\"noopener noreferrer\">CERTIFICAT<br \/>\nISO 9001<\/a><\/span><\/div>\n<p>[\/vc_column_text][vc_column_text]<\/p>\n<div class=\"iconosdescargas\"><img decoding=\"async\" class=\"iconpdf\" src=\"http:\/\/www.matiasgomatomas.com\/wp-content\/uploads\/2020\/06\/iconopdf.png\" \/><span class=\"titulodescargas\"><a href=\"https:\/\/www.matiasgomatomas.com\/wp-content\/uploads\/2022\/09\/IQNetES-0245-2019_2021-09-16.pdf\" target=\"_blank\" rel=\"noopener noreferrer\">CERTIFICAT<br \/>\nIQNet<\/a><\/span><\/div>\n<p>[\/vc_column_text][vc_column_text]<\/p>\n<div class=\"iconosdescargas\"><img decoding=\"async\" class=\"iconpdf\" src=\"http:\/\/www.matiasgomatomas.com\/wp-content\/uploads\/2020\/06\/iconopdf.png\" \/><span class=\"titulodescargas\"><a href=\"https:\/\/www.matiasgomatomas.com\/wp-content\/uploads\/2021\/05\/certificat-FSC.pdf\" target=\"_blank\" rel=\"noopener noreferrer\">CERTIFICAT<br \/>\nFSC\u00ae-C134173<\/a><\/span><\/div>\n<p>[\/vc_column_text][vc_column_text]<\/p>\n<div class=\"iconosdescargas\"><img decoding=\"async\" class=\"iconpdf\" src=\"http:\/\/www.matiasgomatomas.com\/wp-content\/uploads\/2020\/06\/iconopdf.png\" \/><span class=\"titulodescargas\"><a href=\"https:\/\/www.matiasgomatomas.com\/wp-content\/uploads\/2021\/05\/certificat-pefc.pdf\" target=\"_blank\" rel=\"noopener noreferrer\">CERTIFICAT<br \/>\nPEFC<\/a><\/span><\/div>\n<p>[\/vc_column_text][vc_column_text]<\/p>\n<div class=\"iconosdescargas\"><img decoding=\"async\" class=\"iconpdf\" src=\"http:\/\/www.matiasgomatomas.com\/wp-content\/uploads\/2020\/06\/iconopdf.png\" \/><span class=\"titulodescargas\"><a href=\"https:\/\/www.matiasgomatomas.com\/wp-content\/uploads\/2021\/06\/certificat-iso-14001-esp.pdf\" target=\"_blank\" rel=\"noopener noreferrer\">CERTIFICAT<br \/>\nISO 14001<\/a><\/span><\/div>\n<p>[\/vc_column_text][vc_column_text]<\/p>\n<div class=\"iconosdescargas\"><img decoding=\"async\" class=\"iconpdf\" src=\"http:\/\/www.matiasgomatomas.com\/wp-content\/uploads\/2020\/06\/iconopdf.png\" \/><span class=\"titulodescargas\"><a href=\"https:\/\/www.matiasgomatomas.com\/wp-content\/uploads\/2021\/06\/certificat-iso-14001-esp.pdf\" target=\"_blank\" rel=\"noopener noreferrer\">CERTIFICAT<br \/>\nISO 50001<\/a><\/span><\/div>\n<p>[\/vc_column_text][\/vc_column_inner][vc_column_inner width=&#8221;1\/3&#8243;][vc_column_text]<\/p>\n<h4 class=\"titulofichas\">POL\u00cdTICA INTEGRADA<\/h4>\n<p>[\/vc_column_text][vc_empty_space height=&#8221;20px&#8221;][vc_column_text]<\/p>\n<div class=\"iconosdescargas\"><img decoding=\"async\" class=\"iconpdf\" src=\"http:\/\/www.matiasgomatomas.com\/wp-content\/uploads\/2020\/06\/iconopdf.png\" \/><span class=\"titulodescargas\"><a href=\"https:\/\/www.matiasgomatomas.com\/wp-content\/uploads\/2023\/10\/Politica-integrada-CAT.pdf\" target=\"_blank\" rel=\"noopener noreferrer\">POL\u00cdTICA INTEGRADA<\/a><\/span><\/div>\n<p>[\/vc_column_text][vc_empty_space height=&#8221;20px&#8221;][vc_column_text]<\/p>\n<h4 class=\"titulofichas\">AJUTS I SUBVENCIONS<\/h4>\n<p>[\/vc_column_text][vc_empty_space height=&#8221;20px&#8221;][vc_column_text]<\/p>\n<div class=\"iconosdescargas\"><img decoding=\"async\" class=\"iconpdf\" src=\"http:\/\/www.matiasgomatomas.com\/wp-content\/uploads\/2020\/06\/iconopdf.png\" \/><span class=\"titulodescargas\"><a href=\"https:\/\/www.matiasgomatomas.com\/wp-content\/uploads\/2021\/11\/FNEE-ICAEN_14_MGT.pdf\" target=\"_blank\" rel=\"noopener noreferrer\">EXPEDIENT ICA012\/19\/00014<\/a><\/span><\/div>\n<p>[\/vc_column_text][vc_column_text]<\/p>\n<div class=\"iconosdescargas\"><img decoding=\"async\" class=\"iconpdf\" src=\"http:\/\/www.matiasgomatomas.com\/wp-content\/uploads\/2020\/06\/iconopdf.png\" \/><span class=\"titulodescargas\"><a href=\"https:\/\/www.matiasgomatomas.com\/wp-content\/uploads\/2022\/05\/Exp-FN-PGESI-2018-002837.pdf\" target=\"_blank\" rel=\"noopener noreferrer\">EXPEDIENT: FN-PGESI-2018-002837<\/a><\/span><\/div>\n<p>[\/vc_column_text][vc_column_text]<\/p>\n<div class=\"iconosdescargas\"><img decoding=\"async\" class=\"iconpdf\" src=\"http:\/\/www.matiasgomatomas.com\/wp-content\/uploads\/2020\/06\/iconopdf.png\" \/><span class=\"titulodescargas\"><a href=\"https:\/\/www.matiasgomatomas.com\/wp-content\/uploads\/2023\/11\/FEDER-ICA022_21_000104.pdf\" target=\"_blank\" rel=\"noopener noreferrer\">EXPEDIENT: ICA022\/21\/000104<\/a><\/span><\/div>\n<p>[\/vc_column_text][vc_column_text]<\/p>\n<h4 class=\"titulofichas\">ENLLA\u00c7OS D&#8217;INTER\u00c8S<\/h4>\n<p>[\/vc_column_text][vc_column_text]<a style=\"color: #444;\" href=\"https:\/\/grupoindustrialcl.com\" target=\"_blank\" rel=\"noopener noreferrer\"><span class=\"titulodescargas\">GRUPO INDUSTRIAL CL<\/span><\/a>[\/vc_column_text][vc_column_text]<a href=\"http:\/\/www.aspapel.es\" target=\"_blank\" rel=\"noopener noreferrer\"><span class=\"titulodescargas\" style=\"color: #444;\">ASPAPEL<\/span><\/a>[\/vc_column_text][vc_column_text]<a href=\"https:\/\/www.afco.es\" target=\"_blank\" rel=\"noopener noreferrer\"><span class=\"titulodescargas\" style=\"color: #444;\">AFCO<\/span><\/a>[\/vc_column_text][vc_column_text]<a href=\"https:\/\/www.fefco.org\" target=\"_blank\" rel=\"noopener noreferrer\"><span class=\"titulodescargas\" style=\"color: #444;\">FEFCO<\/span><\/a>[\/vc_column_text][vc_column_text]<a style=\"color: #444;\" href=\"https:\/\/www.cepi-containerboard.org\" target=\"_blank\" rel=\"noopener noreferrer\"><span class=\"titulodescargas\">CEPI<\/span><\/a>[\/vc_column_text][\/vc_column_inner][\/vc_row_inner][\/vc_column][\/vc_row]<\/p>\n<\/section>","protected":false},"excerpt":{"rendered":"<p>[vc_row css_animation=&#8221;&#8221; row_type=&#8221;row&#8221; use_row_as_full_screen_section=&#8221;no&#8221; type=&#8221;grid&#8221; angled_section=&#8221;no&#8221; text_align=&#8221;left&#8221; background_image_as_pattern=&#8221;without_pattern&#8221; el_class=&#8221;paddingcabecera&#8221; z_index=&#8221;&#8221; css=&#8221;.vc_custom_1592297873669{background-image: url(http:\/\/www.matiasgomatomas.com\/wp-content\/uploads\/2020\/06\/matias-goma-tomas-contacto.jpg?id=135) !important;}&#8221;][vc_column css_animation=&#8221;fadeIn&#8221;][vc_column_text] VOLS UNIR-TE AL MOVIMENT MAKING PAPER TO RECYCLE THE WORLD? [\/vc_column_text][\/vc_column][\/vc_row][vc_row css_animation=&#8221;&#8221; row_type=&#8221;row&#8221; use_row_as_full_screen_section=&#8221;no&#8221; type=&#8221;grid&#8221; angled_section=&#8221;no&#8221; text_align=&#8221;left&#8221; background_image_as_pattern=&#8221;without_pattern&#8221; el_class=&#8221;paddingsecciones&#8221; z_index=&#8221;&#8221;][vc_column css_animation=&#8221;fadeIn&#8221; width=&#8221;1\/4&#8243; el_class=&#8221;cuadroscontacto&#8221;][vc_single_image image=&#8221;252&#8243; img_size=&#8221;full&#8221; alignment=&#8221;center&#8221; qode_css_animation=&#8221;&#8221;][vc_column_text] CANDIDATS T\u2019agradaria unir-te a&#8230;<\/p>\n","protected":false},"author":1,"featured_media":0,"parent":0,"menu_order":0,"comment_status":"closed","ping_status":"closed","template":"full_width.php","meta":{"footnotes":""},"class_list":["post-293","page","type-page","status-publish","hentry"],"_links":{"self":[{"href":"https:\/\/www.matiasgomatomas.com\/ca\/wp-json\/wp\/v2\/pages\/293","targetHints":{"allow":["GET"]}}],"collection":[{"href":"https:\/\/www.matiasgomatomas.com\/ca\/wp-json\/wp\/v2\/pages"}],"about":[{"href":"https:\/\/www.matiasgomatomas.com\/ca\/wp-json\/wp\/v2\/types\/page"}],"author":[{"embeddable":true,"href":"https:\/\/www.matiasgomatomas.com\/ca\/wp-json\/wp\/v2\/users\/1"}],"replies":[{"embeddable":true,"href":"https:\/\/www.matiasgomatomas.com\/ca\/wp-json\/wp\/v2\/comments?post=293"}],"version-history":[{"count":36,"href":"https:\/\/www.matiasgomatomas.com\/ca\/wp-json\/wp\/v2\/pages\/293\/revisions"}],"predecessor-version":[{"id":2947,"href":"https:\/\/www.matiasgomatomas.com\/ca\/wp-json\/wp\/v2\/pages\/293\/revisions\/2947"}],"wp:attachment":[{"href":"https:\/\/www.matiasgomatomas.com\/ca\/wp-json\/wp\/v2\/media?parent=293"}],"curies":[{"name":"wp","href":"https:\/\/api.w.org\/{rel}","templated":true}]}}