{"id":331,"date":"2020-07-02T15:35:07","date_gmt":"2020-07-02T15:35:07","guid":{"rendered":"http:\/\/www.matiasgomatomas.com\/?page_id=331"},"modified":"2024-01-29T08:57:28","modified_gmt":"2024-01-29T08:57:28","slug":"avis-legal","status":"publish","type":"page","link":"https:\/\/www.matiasgomatomas.com\/ca\/avis-legal\/","title":{"rendered":"Av\u00eds legal"},"content":{"rendered":"<section class=\"wpb-content-wrapper\"><p>[vc_row css_animation=&#8221;&#8221; row_type=&#8221;row&#8221; use_row_as_full_screen_section=&#8221;no&#8221; type=&#8221;grid&#8221; angled_section=&#8221;no&#8221; text_align=&#8221;left&#8221; background_image_as_pattern=&#8221;without_pattern&#8221; el_class=&#8221;paddingcabecera&#8221; z_index=&#8221;&#8221; css=&#8221;.vc_custom_1592302116044{background-image: url(http:\/\/www.matiasgomatomas.com\/wp-content\/uploads\/2020\/06\/matias-goma-tomas-about.jpg?id=166) !important;}&#8221;][vc_column css_animation=&#8221;fadeIn&#8221;][vc_column_text]<\/p>\n<h1>AV\u00cdS LEGAL<\/h1>\n<p>[\/vc_column_text][vc_single_image image=&#8221;119&#8243; img_size=&#8221;full&#8221; qode_css_animation=&#8221;&#8221; el_class=&#8221;trivalpapel&#8221;][\/vc_column][\/vc_row][vc_row css_animation=&#8221;&#8221; row_type=&#8221;row&#8221; use_row_as_full_screen_section=&#8221;no&#8221; type=&#8221;grid&#8221; angled_section=&#8221;no&#8221; text_align=&#8221;left&#8221; background_image_as_pattern=&#8221;without_pattern&#8221; el_class=&#8221;paddingsecciones&#8221; z_index=&#8221;&#8221;][vc_column][vc_column_text]Av\u00eds Legal per al lloc web http:\/\/www.matiasgomatomas.com<\/p>\n<p>&nbsp;<\/p>\n<p><u>1.- Introducci\u00f3.<\/u><\/p>\n<p>&nbsp;<\/p>\n<p>El present document t\u00e9 com a finalitat establir i regular les normes d&#8217;\u00fas del lloc web[&#8230;] (en endavant el &#8220;Lloc&#8221;), entenent per Lloc totes les p\u00e0gines i els seus continguts propietat de Mat\u00edas Gom\u00e1 Tom\u00e1s S.A. a les quals s&#8217;accedeix a trav\u00e9s del domini [&#8230;] i els seus subdominis.<\/p>\n<p>La utilitzaci\u00f3 del Lloc atribueix la condici\u00f3 d&#8217;Usuari del mateix i implica l&#8217;acceptaci\u00f3 de totes les condicions incloses en el present Av\u00eds Legal. L&#8217;Usuari es compromet a llegir atentament el present Av\u00eds Legal en cadascuna de les ocasions en qu\u00e8 es proposi utilitzar el Lloc, ja que aquest i les seves condicions d&#8217;\u00fas recollides en el present Av\u00eds Legal poden patir modificacions.<\/p>\n<p>Tots els avisos poden ser revisats en qualsevol moment per l&#8217;usuari mitjan\u00e7ant la nostra p\u00e0gina web.<\/p>\n<p>&nbsp;<\/p>\n<p>&nbsp;<\/p>\n<p><u>2.- Titularitat del Lloc Web.<\/u><\/p>\n<p>&nbsp;<\/p>\n<p>El titular d&#8217;aquest Lloc \u00e9s Mat\u00edas Gom\u00e1 Tom\u00e1s S.A. amb domicili en C\/ Afores S\/N de la Riba (Tarragona), i amb CIF: A-43004811. Inscrita al Registre Mercantil de Tarragona al tom 2788, foli 17, full T-4810.<\/p>\n<p>Vost\u00e8 pot posar-se en contacte amb nosaltres mitjan\u00e7ant el seg\u00fcent n\u00famero de tel\u00e8fon o e-mail: Tel: 977 876 040, e-mail: dpo@clgrupoindustrial.com<\/p>\n<p>&nbsp;<\/p>\n<p>&nbsp;<\/p>\n<p><u>3.- Propietat intel\u00b7lectual i industrial.<\/u><\/p>\n<p>&nbsp;<\/p>\n<p>Els drets de propietat intel\u00b7lectual d&#8217;aquest lloc s\u00f3n titularitat de Mat\u00edas Gom\u00e1 Tom\u00e1s S.A., o de tercers dels que disposa autoritzaci\u00f3 en cas que sigui necess\u00e0ria.<\/p>\n<p>La reproducci\u00f3, distribuci\u00f3, comercialitzaci\u00f3 o transformaci\u00f3, total o parcial, no autoritzada del contingut del Lloc, constitueix una infracci\u00f3 dels drets de propietat intel\u00b7lectual de Mat\u00edas Gom\u00e1 Tom\u00e1s SA. Igualment, totes les marques o signes distintius de qualsevol classe continguts en el Lloc estan protegits per llei.<\/p>\n<p>La utilitzaci\u00f3 no autoritzada de la informaci\u00f3 continguda en aquest lloc, aix\u00ed com els perjudicis ocasionats en els drets de propietat intel\u00b7lectual i industrial de Mat\u00edas Gom\u00e1 Tom\u00e1s SA, poden donar lloc a l&#8217;exercici de les accions que legalment corresponguin i, si s&#8217;escau, a les responsabilitats que d&#8217;aquest exercici es derivin.<\/p>\n<p>En el cas que els productes de la nostra botiga online fossin susceptibles de protecci\u00f3 per propietat intel\u00b7lectual, Mat\u00edas Gom\u00e1 Tom\u00e1s S.A. garanteix estar autoritzat per gestionar l&#8217;adquisici\u00f3 i el cobrament del producte al consumidor.<\/p>\n<p>&nbsp;<\/p>\n<p>&nbsp;<\/p>\n<p><u>4.- Exclusi\u00f3 de responsabilitat.<\/u><\/p>\n<p>&nbsp;<\/p>\n<p>El contingut, programes, informaci\u00f3 i\/o consells expressats en aquest Lloc s&#8217;han d&#8217;entendre com a simplement orientatius. Mat\u00edas Gom\u00e0 Tom\u00e0s SA, no respon de cap manera de l&#8217;efectivitat o exactitud dels mateixos, quedant exempta de qualsevol responsabilitat contractual o extracontractual amb els Usuaris que en facin \u00fas, ja que s\u00f3n aquests els que hauran de decidir, segons el seu criteri, l&#8217;oportunitat dels mateixos.<\/p>\n<p>En aquest Lloc es poden publicar continguts aportats per terceres persones o empreses. Mat\u00edas Gom\u00e1 Tom\u00e0s S.A., no respon de la veracitat i exactitud dels mateixos, quedant exempta de qualsevol responsabilitat contractual o extracontractual amb els Usuaris que en facin \u00fas.<\/p>\n<p>Mat\u00edas Gom\u00e1 Tom\u00e1s S.A., es reserva el dret de modificar el contingut del Lloc sense previ av\u00eds i sense cap tipus de limitaci\u00f3.<\/p>\n<p>Aix\u00ed mateix, declina qualsevol responsabilitat pels eventuals danys i perjudicis que puguin ocasionar-se per la falta de disponibilitat i\/o continu\u00eftat d&#8217;aquest Lloc i dels serveis que s&#8217;hi ofereixen.<\/p>\n<p>Mat\u00edas Gom\u00e1 Tom\u00e0s S.A., no garanteix l&#8217;abs\u00e8ncia de virus ni d&#8217;altres elements a la web que puguin produir alteracions en el seu sistema inform\u00e0tic. Mat\u00edas Gom\u00e1 Tom\u00e1s S.A., declina qualsevol responsabilitat contractual o extracontractual amb els Usuaris que en fessin \u00fas i tinguessin perjudicis de qualsevol naturalesa ocasionats per virus inform\u00e0tics o per elements inform\u00e0tics de qualsevol \u00edndole.<\/p>\n<p>Mat\u00edas Gom\u00e1 Tom\u00e1s S.A., declina qualsevol responsabilitat pels serveis que, eventualment, poguessin prestar-se en el Lloc per part de tercers.<\/p>\n<p>Mat\u00edas Gom\u00e1 Tom\u00e1s S.A., declina qualsevol responsabilitat pels serveis i\/o informaci\u00f3 que es presti en altres Llocs enlla\u00e7ats amb aquest. Mat\u00edas Gom\u00e1 Tom\u00e0s S.A., no controla ni exerceix cap tipus de supervisi\u00f3 en Llocs webs de tercers. Aconsellem als Usuaris dels mateixos actuar amb prud\u00e8ncia i consultar les eventuals condicions legals que s&#8217;exposin en aquestes webs.<\/p>\n<p>Els Usuaris que remetin qualsevol tipus d&#8217;informaci\u00f3 a Mat\u00edas Gom\u00e1 Tom\u00e1s S.A., es comprometen a que la mateixa sigui vera\u00e7 i que no vulneri cap dret de tercers ni la legalitat vigent.<\/p>\n<p>&nbsp;<\/p>\n<p>&nbsp;<\/p>\n<p><u>5.- Condicions d&#8217;\u00fas del portal per als usuaris.<\/u><\/p>\n<p>&nbsp;<\/p>\n<p>L&#8217;acc\u00e9s a aquest Lloc \u00e9s gratu\u00eft excepte pel que fa el cost de la connexi\u00f3 a trav\u00e9s de la xarxa de telecomunicacions subministrada pel prove\u00efdor d&#8217;acc\u00e9s contractat pels usuaris.<\/p>\n<p>Queda expressament prohibit l&#8217;\u00fas del Lloc amb finalitats lesives de b\u00e9ns o interessos de Mat\u00edas Gom\u00e1 Tom\u00e1s S.A. o de tercers o que de qualsevol altra manera sobrecarreguin, danyin o inutilitzin les xarxes, servidors i altres equips inform\u00e0tics (maquinari) o productes i aplicacions inform\u00e0tiques (programari) de Mat\u00edas Gom\u00e1 Tom\u00e1s S.A., o de tercers.<\/p>\n<p>En el cas que l&#8217;usuari tingu\u00e9s coneixement que els Llocs enlla\u00e7ats remeten a p\u00e0gines les quals els continguts o serveis s\u00f3n il\u00b7l\u00edcits, nocius, denigrants, violents o contraris a la moral, li agrair\u00edem que es pos\u00e9s en contacte amb Mat\u00edas Gom\u00e1 Tom\u00e0s S.A..<\/p>\n<p>&nbsp;<\/p>\n<p>&nbsp;<\/p>\n<p><u>6.- Pol\u00edtica de protecci\u00f3 de dades personals.<\/u><\/p>\n<p>&nbsp;<\/p>\n<p>Pot consultar la nostra Pol\u00edtica de protecci\u00f3 de dades personals a l&#8217;apartat Pol\u00edtica de Privacitat d&#8217;aquesta web.<\/p>\n<p>&nbsp;<\/p>\n<p>&nbsp;<\/p>\n<p><u>7.- Galetes.<\/u><\/p>\n<p>&nbsp;<\/p>\n<p>Les galetes serveixen per millorar el funcionament de la web. L&#8217;Art. 4 del Reial Decret-Llei 13\/2012, de 30 de Mar\u00e7, modifica la Llei 34\/2002, de 11 de Juliol, de serveis de la societat de la informaci\u00f3 i de comer\u00e7 electr\u00f2nic, establint com a requisit l&#8217;obtenci\u00f3 del consentiment informat abans que s&#8217;emmagatzemi o s&#8217;accedeixi a la informaci\u00f3 del terminal de l&#8217;usuari en certs sup\u00f2sits.<\/p>\n<p>Si fem servir algun altre tipus de galetes que no siguin les necess\u00e0ries, podr\u00e0 consultar la pol\u00edtica de galetes a l&#8217;enlla\u00e7 corresponent des de l&#8217;inici de la web.<\/p>\n<p>&nbsp;<\/p>\n<p>&nbsp;<\/p>\n<p><u>8.- Legislaci\u00f3.<\/u><\/p>\n<p>&nbsp;<\/p>\n<p>Mat\u00edas Gom\u00e1 Tom\u00e1s S.A. l&#8217;informa que el present Av\u00eds legal es regeix en tots i cadascun dels seus punts per la legislaci\u00f3 espanyola. El present contracte est\u00e0 establert en idioma espanyol.<\/p>\n<p>&nbsp;<\/p>\n<p>&nbsp;<\/p>\n<p><u>9.- Contacti amb nosaltres.<\/u><\/p>\n<p>&nbsp;<\/p>\n<p>Si t\u00e9 qualsevol pregunta sobre les condicions reflectides en aquest av\u00eds legal, o si li agradaria fer qualsevol suggeriment o recomanaci\u00f3, si us plau contacti amb nosaltres.[\/vc_column_text][\/vc_column][\/vc_row][vc_row css_animation=&#8221;&#8221; row_type=&#8221;row&#8221; use_row_as_full_screen_section=&#8221;no&#8221; type=&#8221;grid&#8221; angled_section=&#8221;no&#8221; text_align=&#8221;left&#8221; background_image_as_pattern=&#8221;without_pattern&#8221; el_class=&#8221;paddingseccionescolor bordertop&#8221; z_index=&#8221;&#8221; el_id=&#8221;BloqueDescargas&#8221;][vc_column][vc_column_text el_class=&#8221;center&#8221;]<\/p>\n<h2 class=\"titulos\">DESC\u00c0RREGUES<\/h2>\n<p>Volem compartir amb tu les nostres fitxes de producte, certificacions i altres documents d&#8217;inter\u00e8s.<\/p>\n<div class=\"espacio30\"><\/div>\n<p>[\/vc_column_text][vc_row_inner row_type=&#8221;row&#8221; type=&#8221;full_width&#8221; text_align=&#8221;left&#8221; css_animation=&#8221;&#8221;][vc_column_inner width=&#8221;1\/3&#8243;][vc_column_text]<\/p>\n<h4 class=\"titulofichas\">FITXES DE PRODUCTES<\/h4>\n<p>[\/vc_column_text][vc_empty_space height=&#8221;20px&#8221;][vc_column_text]<\/p>\n<div class=\"iconosdescargas\"><img decoding=\"async\" class=\"iconpdf\" src=\"http:\/\/www.matiasgomatomas.com\/wp-content\/uploads\/2020\/06\/iconopdf.png\" \/><a href=\"https:\/\/www.matiasgomatomas.com\/wp-content\/uploads\/2024\/01\/BICOLOR_MGT2024100-180.pdf\" target=\"_blank\" rel=\"noopener noreferrer\"><span class=\"titulodescargas\">BICOLOR (TL4)<\/span><\/a><\/div>\n<p>[\/vc_column_text][vc_column_text]<\/p>\n<div class=\"iconosdescargas\"><img decoding=\"async\" class=\"iconpdf\" src=\"http:\/\/www.matiasgomatomas.com\/wp-content\/uploads\/2020\/06\/iconopdf.png\" \/><a href=\"https:\/\/www.matiasgomatomas.com\/wp-content\/uploads\/2024\/01\/TESTLINER_MGT2024100-170.pdf\" target=\"_blank\" rel=\"noopener noreferrer\"><span class=\"titulodescargas\">TESTLINER (TL3)<\/span><\/a><\/div>\n<p>[\/vc_column_text][vc_column_text]<\/p>\n<div class=\"iconosdescargas\"><img decoding=\"async\" class=\"iconpdf\" src=\"http:\/\/www.matiasgomatomas.com\/wp-content\/uploads\/2020\/06\/iconopdf.png\" \/><a href=\"https:\/\/www.matiasgomatomas.com\/wp-content\/uploads\/2024\/01\/FLUTING-HP_MGT2024110-170.pdf\" target=\"_blank\" rel=\"noopener noreferrer\"><span class=\"titulodescargas\">FLUTING HP<\/span><\/a><\/div>\n<p>[\/vc_column_text][vc_column_text]<\/p>\n<div class=\"iconosdescargas\"><img decoding=\"async\" class=\"iconpdf\" src=\"http:\/\/www.matiasgomatomas.com\/wp-content\/uploads\/2020\/06\/iconopdf.png\" \/><a href=\"https:\/\/www.matiasgomatomas.com\/wp-content\/uploads\/2024\/01\/DUAL_MGT2024110-200.pdf\" target=\"_blank\" rel=\"noopener noreferrer\"><span class=\"titulodescargas\">DUAL USE (TL2)<\/span><\/a><\/div>\n<p>[\/vc_column_text][\/vc_column_inner][vc_column_inner width=&#8221;1\/3&#8243;][vc_column_text]<\/p>\n<h4 class=\"titulofichas\">CERTIFICACIONS<\/h4>\n<p>[\/vc_column_text][vc_empty_space height=&#8221;20px&#8221;][vc_column_text]<\/p>\n<div class=\"iconosdescargas\"><img decoding=\"async\" class=\"iconpdf\" src=\"http:\/\/www.matiasgomatomas.com\/wp-content\/uploads\/2020\/06\/iconopdf.png\" \/><span class=\"titulodescargas\"><a href=\"https:\/\/www.matiasgomatomas.com\/wp-content\/uploads\/2022\/09\/CertificadoER-0245-2019_ES_2021-09-16.pdf\" target=\"_blank\" rel=\"noopener noreferrer\">CERTIFICAT<br \/>\nISO 9001<\/a><\/span><\/div>\n<p>[\/vc_column_text][vc_column_text]<\/p>\n<div class=\"iconosdescargas\"><img decoding=\"async\" class=\"iconpdf\" src=\"http:\/\/www.matiasgomatomas.com\/wp-content\/uploads\/2020\/06\/iconopdf.png\" \/><span class=\"titulodescargas\"><a href=\"https:\/\/www.matiasgomatomas.com\/wp-content\/uploads\/2022\/09\/IQNetES-0245-2019_2021-09-16.pdf\" target=\"_blank\" rel=\"noopener noreferrer\">CERTIFICAT<br \/>\nIQNet<\/a><\/span><\/div>\n<p>[\/vc_column_text][vc_column_text]<\/p>\n<div class=\"iconosdescargas\"><img decoding=\"async\" class=\"iconpdf\" src=\"http:\/\/www.matiasgomatomas.com\/wp-content\/uploads\/2020\/06\/iconopdf.png\" \/><span class=\"titulodescargas\"><a href=\"https:\/\/www.matiasgomatomas.com\/wp-content\/uploads\/2021\/05\/certificat-FSC.pdf\" target=\"_blank\" rel=\"noopener noreferrer\">CERTIFICAT<br \/>\nFSC\u00ae-C134173<\/a><\/span><\/div>\n<p>[\/vc_column_text][vc_column_text]<\/p>\n<div class=\"iconosdescargas\"><img decoding=\"async\" class=\"iconpdf\" src=\"http:\/\/www.matiasgomatomas.com\/wp-content\/uploads\/2020\/06\/iconopdf.png\" \/><span class=\"titulodescargas\"><a href=\"https:\/\/www.matiasgomatomas.com\/wp-content\/uploads\/2021\/05\/certificat-pefc.pdf\" target=\"_blank\" rel=\"noopener noreferrer\">CERTIFICAT<br \/>\nPEFC<\/a><\/span><\/div>\n<p>[\/vc_column_text][vc_column_text]<\/p>\n<div class=\"iconosdescargas\"><img decoding=\"async\" class=\"iconpdf\" src=\"http:\/\/www.matiasgomatomas.com\/wp-content\/uploads\/2020\/06\/iconopdf.png\" \/><span class=\"titulodescargas\"><a href=\"https:\/\/www.matiasgomatomas.com\/wp-content\/uploads\/2021\/06\/certificat-iso-14001-esp.pdf\" target=\"_blank\" rel=\"noopener noreferrer\">CERTIFICAT<br \/>\nISO 14001<\/a><\/span><\/div>\n<p>[\/vc_column_text][vc_column_text]<\/p>\n<div class=\"iconosdescargas\"><img decoding=\"async\" class=\"iconpdf\" src=\"http:\/\/www.matiasgomatomas.com\/wp-content\/uploads\/2020\/06\/iconopdf.png\" \/><span class=\"titulodescargas\"><a href=\"https:\/\/www.matiasgomatomas.com\/wp-content\/uploads\/2021\/06\/certificat-iso-14001-esp.pdf\" target=\"_blank\" rel=\"noopener noreferrer\">CERTIFICAT<br \/>\nISO 50001<\/a><\/span><\/div>\n<p>[\/vc_column_text][\/vc_column_inner][vc_column_inner width=&#8221;1\/3&#8243;][vc_column_text]<\/p>\n<h4 class=\"titulofichas\">POL\u00cdTICA INTEGRADA<\/h4>\n<p>[\/vc_column_text][vc_empty_space height=&#8221;20px&#8221;][vc_column_text]<\/p>\n<div class=\"iconosdescargas\"><img decoding=\"async\" class=\"iconpdf\" src=\"http:\/\/www.matiasgomatomas.com\/wp-content\/uploads\/2020\/06\/iconopdf.png\" \/><span class=\"titulodescargas\"><a href=\"https:\/\/www.matiasgomatomas.com\/wp-content\/uploads\/2023\/10\/Politica-integrada-CAT.pdf\" target=\"_blank\" rel=\"noopener noreferrer\">POL\u00cdTICA INTEGRADA<\/a><\/span><\/div>\n<p>[\/vc_column_text][vc_empty_space height=&#8221;20px&#8221;][vc_column_text]<\/p>\n<h4 class=\"titulofichas\">AJUTS I SUBVENCIONS<\/h4>\n<p>[\/vc_column_text][vc_empty_space height=&#8221;20px&#8221;][vc_column_text]<\/p>\n<div class=\"iconosdescargas\"><img decoding=\"async\" class=\"iconpdf\" src=\"http:\/\/www.matiasgomatomas.com\/wp-content\/uploads\/2020\/06\/iconopdf.png\" \/><span class=\"titulodescargas\"><a href=\"https:\/\/www.matiasgomatomas.com\/wp-content\/uploads\/2021\/11\/FNEE-ICAEN_14_MGT.pdf\" target=\"_blank\" rel=\"noopener noreferrer\">EXPEDIENT ICA012\/19\/00014<\/a><\/span><\/div>\n<p>[\/vc_column_text][vc_column_text]<\/p>\n<div class=\"iconosdescargas\"><img decoding=\"async\" class=\"iconpdf\" src=\"http:\/\/www.matiasgomatomas.com\/wp-content\/uploads\/2020\/06\/iconopdf.png\" \/><span class=\"titulodescargas\"><a href=\"https:\/\/www.matiasgomatomas.com\/wp-content\/uploads\/2022\/05\/Exp-FN-PGESI-2018-002837.pdf\" target=\"_blank\" rel=\"noopener noreferrer\">EXPEDIENT: FN-PGESI-2018-002837<\/a><\/span><\/div>\n<p>[\/vc_column_text][vc_column_text]<\/p>\n<div class=\"iconosdescargas\"><img decoding=\"async\" class=\"iconpdf\" src=\"http:\/\/www.matiasgomatomas.com\/wp-content\/uploads\/2020\/06\/iconopdf.png\" \/><span class=\"titulodescargas\"><a href=\"https:\/\/www.matiasgomatomas.com\/wp-content\/uploads\/2023\/11\/FEDER-ICA022_21_000104.pdf\" target=\"_blank\" rel=\"noopener noreferrer\">EXPEDIENT: ICA022\/21\/000104<\/a><\/span><\/div>\n<p>[\/vc_column_text][vc_column_text]<\/p>\n<h4 class=\"titulofichas\">ENLLA\u00c7OS D&#8217;INTER\u00c8S<\/h4>\n<p>[\/vc_column_text][vc_column_text]<a style=\"color: #444;\" href=\"https:\/\/grupoindustrialcl.com\" target=\"_blank\" rel=\"noopener noreferrer\"><span class=\"titulodescargas\">GRUPO INDUSTRIAL CL<\/span><\/a>[\/vc_column_text][vc_column_text]<a href=\"http:\/\/www.aspapel.es\" target=\"_blank\" rel=\"noopener noreferrer\"><span class=\"titulodescargas\" style=\"color: #444;\">ASPAPEL<\/span><\/a>[\/vc_column_text][vc_column_text]<a href=\"https:\/\/www.afco.es\" target=\"_blank\" rel=\"noopener noreferrer\"><span class=\"titulodescargas\" style=\"color: #444;\">AFCO<\/span><\/a>[\/vc_column_text][vc_column_text]<a href=\"https:\/\/www.fefco.org\" target=\"_blank\" rel=\"noopener noreferrer\"><span class=\"titulodescargas\" style=\"color: #444;\">FEFCO<\/span><\/a>[\/vc_column_text][vc_column_text]<a style=\"color: #444;\" href=\"https:\/\/www.cepi-containerboard.org\" target=\"_blank\" rel=\"noopener noreferrer\"><span class=\"titulodescargas\">CEPI<\/span><\/a>[\/vc_column_text][\/vc_column_inner][\/vc_row_inner][\/vc_column][\/vc_row]<\/p>\n<\/section>","protected":false},"excerpt":{"rendered":"<p>[vc_row css_animation=&#8221;&#8221; row_type=&#8221;row&#8221; use_row_as_full_screen_section=&#8221;no&#8221; type=&#8221;grid&#8221; angled_section=&#8221;no&#8221; text_align=&#8221;left&#8221; background_image_as_pattern=&#8221;without_pattern&#8221; el_class=&#8221;paddingcabecera&#8221; z_index=&#8221;&#8221; css=&#8221;.vc_custom_1592302116044{background-image: url(http:\/\/www.matiasgomatomas.com\/wp-content\/uploads\/2020\/06\/matias-goma-tomas-about.jpg?id=166) !important;}&#8221;][vc_column css_animation=&#8221;fadeIn&#8221;][vc_column_text] AV\u00cdS LEGAL [\/vc_column_text][vc_single_image image=&#8221;119&#8243; img_size=&#8221;full&#8221; qode_css_animation=&#8221;&#8221; el_class=&#8221;trivalpapel&#8221;][\/vc_column][\/vc_row][vc_row css_animation=&#8221;&#8221; row_type=&#8221;row&#8221; use_row_as_full_screen_section=&#8221;no&#8221; type=&#8221;grid&#8221; angled_section=&#8221;no&#8221; text_align=&#8221;left&#8221; background_image_as_pattern=&#8221;without_pattern&#8221; el_class=&#8221;paddingsecciones&#8221; z_index=&#8221;&#8221;][vc_column][vc_column_text]Av\u00eds Legal per al lloc web http:\/\/www.matiasgomatomas.com &nbsp; 1.- Introducci\u00f3. &nbsp; El present document t\u00e9 com&#8230;<\/p>\n","protected":false},"author":1,"featured_media":0,"parent":0,"menu_order":0,"comment_status":"closed","ping_status":"closed","template":"full_width.php","meta":{"footnotes":""},"class_list":["post-331","page","type-page","status-publish","hentry"],"_links":{"self":[{"href":"https:\/\/www.matiasgomatomas.com\/ca\/wp-json\/wp\/v2\/pages\/331","targetHints":{"allow":["GET"]}}],"collection":[{"href":"https:\/\/www.matiasgomatomas.com\/ca\/wp-json\/wp\/v2\/pages"}],"about":[{"href":"https:\/\/www.matiasgomatomas.com\/ca\/wp-json\/wp\/v2\/types\/page"}],"author":[{"embeddable":true,"href":"https:\/\/www.matiasgomatomas.com\/ca\/wp-json\/wp\/v2\/users\/1"}],"replies":[{"embeddable":true,"href":"https:\/\/www.matiasgomatomas.com\/ca\/wp-json\/wp\/v2\/comments?post=331"}],"version-history":[{"count":22,"href":"https:\/\/www.matiasgomatomas.com\/ca\/wp-json\/wp\/v2\/pages\/331\/revisions"}],"predecessor-version":[{"id":2482,"href":"https:\/\/www.matiasgomatomas.com\/ca\/wp-json\/wp\/v2\/pages\/331\/revisions\/2482"}],"wp:attachment":[{"href":"https:\/\/www.matiasgomatomas.com\/ca\/wp-json\/wp\/v2\/media?parent=331"}],"curies":[{"name":"wp","href":"https:\/\/api.w.org\/{rel}","templated":true}]}}