{"id":427,"date":"2020-06-16T09:53:46","date_gmt":"2020-06-16T09:53:46","guid":{"rendered":"http:\/\/www.matiasgomatomas.com\/?page_id=427"},"modified":"2024-11-11T09:15:55","modified_gmt":"2024-11-11T09:15:55","slug":"about","status":"publish","type":"page","link":"https:\/\/www.matiasgomatomas.com\/ca\/about\/","title":{"rendered":"About"},"content":{"rendered":"<section class=\"wpb-content-wrapper\"><p>[vc_row css_animation=&#8221;&#8221; row_type=&#8221;row&#8221; use_row_as_full_screen_section=&#8221;no&#8221; type=&#8221;grid&#8221; angled_section=&#8221;no&#8221; text_align=&#8221;left&#8221; background_image_as_pattern=&#8221;without_pattern&#8221; el_class=&#8221;paddingcabecera&#8221; z_index=&#8221;&#8221; css=&#8221;.vc_custom_1592302116044{background-image: url(http:\/\/www.matiasgomatomas.com\/wp-content\/uploads\/2020\/06\/matias-goma-tomas-about.jpg?id=166) !important;}&#8221;][vc_column css_animation=&#8221;fadeIn&#8221;][vc_column_text]<\/p>\n<h1>60 ANYS MIRANT AL FUTUR<\/h1>\n<p>[\/vc_column_text][vc_single_image image=&#8221;119&#8243; img_size=&#8221;full&#8221; qode_css_animation=&#8221;&#8221; el_class=&#8221;trivalpapel&#8221;][\/vc_column][\/vc_row][vc_row css_animation=&#8221;&#8221; row_type=&#8221;row&#8221; use_row_as_full_screen_section=&#8221;no&#8221; type=&#8221;grid&#8221; angled_section=&#8221;no&#8221; text_align=&#8221;left&#8221; background_image_as_pattern=&#8221;without_pattern&#8221; z_index=&#8221;&#8221; el_class=&#8221;paddingsecciones&#8221;][vc_column css_animation=&#8221;fadeIn&#8221;][vc_column_text]<\/p>\n<p class=\"center\">Som una empresa plena de passi\u00f3 per l\u2019ofici que des de 1956 crea i transforma paper 100\u00a0% reciclat en un entorn privilegiat envoltat de muntanyes i naturalesa a la Riba (Tarragona).<\/p>\n<p>&nbsp;<\/p>\n<p class=\"center\">Amb la mirada posada en el futur, busquem l\u2019evoluci\u00f3 cont\u00ednua dels nostres processos i productes per continuar oferint la millor qualitat, amb el m\u00e0xim respecte i cura pel medi ambient.<\/p>\n<p>[\/vc_column_text][vc_empty_space][\/vc_column][\/vc_row][vc_row css_animation=&#8221;&#8221; row_type=&#8221;row&#8221; use_row_as_full_screen_section=&#8221;no&#8221; type=&#8221;grid&#8221; angled_section=&#8221;no&#8221; text_align=&#8221;left&#8221; background_image_as_pattern=&#8221;without_pattern&#8221; z_index=&#8221;&#8221; background_color=&#8221;#f5f5f5&#8243; el_class=&#8221;paddingsecciones&#8221;][vc_column css_animation=&#8221;fadeIn&#8221; offset=&#8221;vc_hidden-sm vc_hidden-xs&#8221;]<div class='qode_image_gallery_no_space dark'><div class='qode_image_gallery_holder' style=''><ul  ><li  ><div style=\" width:1200px;\"><img decoding=\"async\" itemprop=\"image\" src=\"https:\/\/www.matiasgomatomas.com\/wp-content\/uploads\/2020\/07\/about-cronologia1-CAT.png\" alt=\"\" \/><\/div><\/li><li  ><div style=\" width:1200px;\"><img decoding=\"async\" itemprop=\"image\" src=\"https:\/\/www.matiasgomatomas.com\/wp-content\/uploads\/2020\/07\/about-cronologia2-CAT.png\" alt=\"\" \/><\/div><\/li><\/ul><\/div><div class=\"controls\"><a class=\"prev-slide\" href=\"#\"><span><i class=\"fa fa-angle-left\"><\/i><\/span><\/a><a class=\"next-slide\" href=\"#\"><span><i class=\"fa fa-angle-right\"><\/i><\/span><\/a><\/div><\/div>[\/vc_column][\/vc_row][vc_row css_animation=&#8221;&#8221; row_type=&#8221;row&#8221; use_row_as_full_screen_section=&#8221;no&#8221; type=&#8221;grid&#8221; angled_section=&#8221;no&#8221; text_align=&#8221;left&#8221; background_image_as_pattern=&#8221;without_pattern&#8221; z_index=&#8221;&#8221; background_color=&#8221;#f5f5f5&#8243;][vc_column css_animation=&#8221;fadeIn&#8221; offset=&#8221;vc_hidden-lg vc_hidden-md&#8221;][vc_single_image image=&#8221;832&#8243; img_size=&#8221;full&#8221; alignment=&#8221;center&#8221; qode_css_animation=&#8221;&#8221;][vc_empty_space height=&#8221;30px&#8221;][\/vc_column][\/vc_row][vc_row css_animation=&#8221;&#8221; row_type=&#8221;row&#8221; use_row_as_full_screen_section=&#8221;no&#8221; type=&#8221;grid&#8221; angled_section=&#8221;no&#8221; text_align=&#8221;left&#8221; background_image_as_pattern=&#8221;without_pattern&#8221; z_index=&#8221;&#8221; el_class=&#8221;paddingsecciones&#8221;][vc_column css_animation=&#8221;fadeIn&#8221;][vc_column_text]<\/p>\n<h2 class=\"titulos\">UN TOMB EN LA NOSTRA HIST\u00d2RIA: GRUPO INDUSTRIAL CL<\/h2>\n<div class=\"espacio30\"><\/div>\n<p style=\"text-align: center;\">El 2018 vam prendre un nou rumb que ens va unir a la gran fam\u00edlia de <strong>Grupo Industrial CL<\/strong>. MGT forma part ara d\u2019<strong>un Grup de 24 empreses espanyoles<\/strong> que operen en els sectors de: ind\u00fastria, energies renovables, qu\u00edmica i consum. Aquesta uni\u00f3 ens ha fet m\u00e9s forts. Per comen\u00e7ar, hem canviat la nostra imatge i hem renovat la nostra tecnologia.<\/p>\n<p>[\/vc_column_text][vc_empty_space height=&#8221;30px&#8221;][vc_single_image image=&#8221;1655&#8243; img_size=&#8221;full&#8221; alignment=&#8221;center&#8221; qode_css_animation=&#8221;&#8221; el_class=&#8221;logocl&#8221;][vc_empty_space height=&#8221;30px&#8221;][vc_column_text]<a class=\"botondegradado\" href=\"https:\/\/grupoindustrialcl.com\" target=\"_blank\" rel=\"noopener noreferrer\">CONEIX-NOS<\/a>[\/vc_column_text][\/vc_column][\/vc_row][vc_row css_animation=&#8221;&#8221; row_type=&#8221;row&#8221; use_row_as_full_screen_section=&#8221;no&#8221; type=&#8221;grid&#8221; angled_section=&#8221;no&#8221; text_align=&#8221;left&#8221; background_image_as_pattern=&#8221;without_pattern&#8221; z_index=&#8221;&#8221; background_color=&#8221;#f5f5f5&#8243; el_class=&#8221;paddingsecciones&#8221;][vc_column css_animation=&#8221;fadeIn&#8221;][vc_column_text]<\/p>\n<h2 class=\"titulos\">LES PERSONES QUE ENS MOUEN<\/h2>\n<div class=\"espacio30\"><\/div>\n<p style=\"text-align: center;\">Som un equip de prop de 50 persones joves, din\u00e0miques i professionals. El nostre segell d\u2019identitat \u00e9s la nostra ess\u00e8ncia familiar i visi\u00f3 internacional.<\/p>\n<div class=\"espacio30\" style=\"text-align: center;\"><\/div>\n<p class=\"center\" style=\"text-align: center;\">Estem sempre disposats a escoltar-te. Vols que parlem?<\/p>\n<p>[\/vc_column_text][vc_empty_space height=&#8221;30px&#8221;][vc_column_text]<a class=\"botondegradado\" href=\"https:\/\/www.matiasgomatomas.com\/ca\/contacte\/\">Vols que parlem?<\/a>[\/vc_column_text][vc_empty_space height=&#8221;30px&#8221;]<div style=\"width:;\" class=\"cqtooltip-wrapper \" data-opacity=\"1\" data-tooltipanimation=\"grow\" data-tooltipstyle=\"shadow\" data-trigger=\"\" data-maxwidth=\"260\" data-marginoffset=\"\" data-isdisplayall=\"off\" data-displayednum=\"1\"><img decoding=\"async\" src=\"https:\/\/www.matiasgomatomas.com\/wp-content\/uploads\/2024\/11\/Equipo-MGT.jpg\" alt=\"\" \/><div class=\"cq-hotspots\"><div class=\"hotspot-item pulse-white \" style=\"top:65%;left:20%;\" data-top=\"65%\" data-left=\"20%\"><a href=\"#\" class=\"cq-tooltip\" style=\"background:rgba(0,0,0,0.8);\" data-tooltip=\"\nEnric Fuster&lt;br \/&gt;\nDirector General\" data-arrowposition=\"\"><span style=\"background:#ffffff;\"><\/span><\/a><\/div><div class=\"hotspot-item pulse-white \" style=\"top:65%;left:25%;\" data-top=\"65%\" data-left=\"25%\"><a href=\"#\" class=\"cq-tooltip\" style=\"background:rgba(0,0,0,0.8);\" data-tooltip=\"\nCarme Hurtado&lt;br \/&gt;\nResponsable de Qualitat i Medi Ambient\" data-arrowposition=\"top\"><span style=\"background:#ffffff;\"><\/span><\/a><\/div><div class=\"hotspot-item pulse-white \" style=\"top:65%;left:29%;\" data-top=\"65%\" data-left=\"29%\"><a href=\"#\" class=\"cq-tooltip\" style=\"background:rgba(0,0,0,0.8);\" data-tooltip=\"\nAlbert Fontanet&lt;br \/&gt;\nDirector de Vendes i M\u00e0rqueting\" data-arrowposition=\"top\"><span style=\"background:#ffffff;\"><\/span><\/a><\/div><div class=\"hotspot-item pulse-white \" style=\"top:65%;left:35%;\" data-top=\"65%\" data-left=\"35%\"><a href=\"#\" class=\"cq-tooltip\" style=\"background:rgba(0,0,0,0.8);\" data-tooltip=\"\nMarta Boy\u00f3&lt;br \/&gt;\nResponsable de Compres&lt;br \/&gt;\n&lt;\/p&gt;\n&lt;p&gt;\" data-arrowposition=\"top\"><span style=\"background:#ffffff;\"><\/span><\/a><\/div><div class=\"hotspot-item pulse-white \" style=\"top:65%;left:41%;\" data-top=\"65%\" data-left=\"41%\"><a href=\"#\" class=\"cq-tooltip\" style=\"background:rgba(0,0,0,0.8);\" data-tooltip=\"\nSusana Amor&lt;br \/&gt;\nResponsable de Log\u00edstica&lt;br \/&gt;\n&lt;\/p&gt;\n&lt;p&gt;\" data-arrowposition=\"top\"><span style=\"background:#ffffff;\"><\/span><\/a><\/div><div class=\"hotspot-item pulse-white \" style=\"top:65%;left:45%;\" data-top=\"65%\" data-left=\"45%\"><a href=\"#\" class=\"cq-tooltip\" style=\"background:rgba(0,0,0,0.8);\" data-tooltip=\"\nAgust\u00edn S\u00e1nchez&lt;br \/&gt;\nResponsable de Producci\u00f3&lt;br \/&gt;\n&lt;\/p&gt;\n&lt;p&gt;\" data-arrowposition=\"top\"><span style=\"background:#ffffff;\"><\/span><\/a><\/div><div class=\"hotspot-item pulse-white \" style=\"top:65%;left:49%;\" data-top=\"65%\" data-left=\"49%\"><a href=\"#\" class=\"cq-tooltip\" style=\"background:rgba(0,0,0,0.8);\" data-tooltip=\"\nGon\u00e7al Casany&lt;br \/&gt;\nResponsable de Manteniment&lt;br \/&gt;\n&lt;\/p&gt;\n&lt;p&gt;\" data-arrowposition=\"top\"><span style=\"background:#ffffff;\"><\/span><\/a><\/div><div class=\"hotspot-item pulse-white \" style=\"top:65%;left:56%;\" data-top=\"65%\" data-left=\"56%\"><a href=\"#\" class=\"cq-tooltip\" style=\"background:rgba(0,0,0,0.8);\" data-tooltip=\"\nEmilio Moreno&lt;br \/&gt;\nResponsable d&amp;#8217;Administraci\u00f3 i Finances\" data-arrowposition=\"top\"><span style=\"background:#ffffff;\"><\/span><\/a><\/div><div class=\"hotspot-item pulse-white \" style=\"top:65%;left:64%;\" data-top=\"65%\" data-left=\"64%\"><a href=\"#\" class=\"cq-tooltip\" style=\"background:rgba(0,0,0,0.8);\" data-tooltip=\"\nJoan Carles Giron\u00e8s&lt;br \/&gt;\nResponsable de Planificaci\u00f3\" data-arrowposition=\"top\"><span style=\"background:#ffffff;\"><\/span><\/a><\/div><div class=\"hotspot-item pulse-white \" style=\"top:65%;left:74%;\" data-top=\"65%\" data-left=\"74%\"><a href=\"#\" class=\"cq-tooltip\" style=\"background:rgba(0,0,0,0.8);\" data-tooltip=\"\nI\u00f1aki Bustos&lt;br \/&gt;\nDirector d\u2019Operacions\" data-arrowposition=\"top\"><span style=\"background:#ffffff;\"><\/span><\/a><\/div><\/div><\/div>[\/vc_column][\/vc_row][vc_row css_animation=&#8221;&#8221; row_type=&#8221;row&#8221; use_row_as_full_screen_section=&#8221;no&#8221; type=&#8221;grid&#8221; angled_section=&#8221;no&#8221; text_align=&#8221;left&#8221; background_image_as_pattern=&#8221;without_pattern&#8221; el_class=&#8221;paddingseccionescolor bordertop&#8221; z_index=&#8221;&#8221; el_id=&#8221;BloqueDescargas&#8221;][vc_column][vc_column_text el_class=&#8221;center&#8221;]<\/p>\n<h2 class=\"titulos\">DESC\u00c0RREGUES<\/h2>\n<p>Volem compartir amb tu les nostres fitxes de producte, certificacions i altres documents d&#8217;inter\u00e8s.<\/p>\n<div class=\"espacio30\"><\/div>\n<p>[\/vc_column_text][vc_row_inner row_type=&#8221;row&#8221; type=&#8221;full_width&#8221; text_align=&#8221;left&#8221; css_animation=&#8221;&#8221;][vc_column_inner width=&#8221;1\/3&#8243;][vc_column_text]<\/p>\n<h4 class=\"titulofichas\">FITXES DE PRODUCTES<\/h4>\n<p>[\/vc_column_text][vc_empty_space height=&#8221;20px&#8221;][vc_column_text]<\/p>\n<div class=\"iconosdescargas\"><img decoding=\"async\" class=\"iconpdf\" src=\"http:\/\/www.matiasgomatomas.com\/wp-content\/uploads\/2020\/06\/iconopdf.png\" \/><a href=\"https:\/\/www.matiasgomatomas.com\/wp-content\/uploads\/2024\/01\/BICOLOR_MGT2024100-180.pdf\" target=\"_blank\" rel=\"noopener noreferrer\"><span class=\"titulodescargas\">BICOLOR (TL4)<\/span><\/a><\/div>\n<p>[\/vc_column_text][vc_column_text]<\/p>\n<div class=\"iconosdescargas\"><img decoding=\"async\" class=\"iconpdf\" src=\"http:\/\/www.matiasgomatomas.com\/wp-content\/uploads\/2020\/06\/iconopdf.png\" \/><a href=\"https:\/\/www.matiasgomatomas.com\/wp-content\/uploads\/2024\/01\/TESTLINER_MGT2024100-170.pdf\" target=\"_blank\" rel=\"noopener noreferrer\"><span class=\"titulodescargas\">TESTLINER (TL3)<\/span><\/a><\/div>\n<p>[\/vc_column_text][vc_column_text]<\/p>\n<div class=\"iconosdescargas\"><img decoding=\"async\" class=\"iconpdf\" src=\"http:\/\/www.matiasgomatomas.com\/wp-content\/uploads\/2020\/06\/iconopdf.png\" \/><a href=\"https:\/\/www.matiasgomatomas.com\/wp-content\/uploads\/2024\/01\/FLUTING-HP_MGT2024110-170.pdf\" target=\"_blank\" rel=\"noopener noreferrer\"><span class=\"titulodescargas\">FLUTING HP<\/span><\/a><\/div>\n<p>[\/vc_column_text][vc_column_text]<\/p>\n<div class=\"iconosdescargas\"><img decoding=\"async\" class=\"iconpdf\" src=\"http:\/\/www.matiasgomatomas.com\/wp-content\/uploads\/2020\/06\/iconopdf.png\" \/><a href=\"https:\/\/www.matiasgomatomas.com\/wp-content\/uploads\/2024\/01\/DUAL_MGT2024110-200.pdf\" target=\"_blank\" rel=\"noopener noreferrer\"><span class=\"titulodescargas\">DUAL USE (TL2)<\/span><\/a><\/div>\n<p>[\/vc_column_text][\/vc_column_inner][vc_column_inner width=&#8221;1\/3&#8243;][vc_column_text]<\/p>\n<h4 class=\"titulofichas\">CERTIFICACIONS<\/h4>\n<p>[\/vc_column_text][vc_empty_space height=&#8221;20px&#8221;][vc_column_text]<\/p>\n<div class=\"iconosdescargas\"><img decoding=\"async\" class=\"iconpdf\" src=\"http:\/\/www.matiasgomatomas.com\/wp-content\/uploads\/2020\/06\/iconopdf.png\" \/><span class=\"titulodescargas\"><a href=\"https:\/\/www.matiasgomatomas.com\/wp-content\/uploads\/2022\/09\/CertificadoER-0245-2019_ES_2021-09-16.pdf\" target=\"_blank\" rel=\"noopener noreferrer\">CERTIFICAT<br \/>\nISO 9001<\/a><\/span><\/div>\n<p>[\/vc_column_text][vc_column_text]<\/p>\n<div class=\"iconosdescargas\"><img decoding=\"async\" class=\"iconpdf\" src=\"http:\/\/www.matiasgomatomas.com\/wp-content\/uploads\/2020\/06\/iconopdf.png\" \/><span class=\"titulodescargas\"><a href=\"https:\/\/www.matiasgomatomas.com\/wp-content\/uploads\/2022\/09\/IQNetES-0245-2019_2021-09-16.pdf\" target=\"_blank\" rel=\"noopener noreferrer\">CERTIFICAT<br \/>\nIQNet<\/a><\/span><\/div>\n<p>[\/vc_column_text][vc_column_text]<\/p>\n<div class=\"iconosdescargas\"><img decoding=\"async\" class=\"iconpdf\" src=\"http:\/\/www.matiasgomatomas.com\/wp-content\/uploads\/2020\/06\/iconopdf.png\" \/><span class=\"titulodescargas\"><a href=\"https:\/\/www.matiasgomatomas.com\/wp-content\/uploads\/2021\/05\/certificat-FSC.pdf\" target=\"_blank\" rel=\"noopener noreferrer\">CERTIFICAT<br \/>\nFSC\u00ae-C134173<\/a><\/span><\/div>\n<p>[\/vc_column_text][vc_column_text]<\/p>\n<div class=\"iconosdescargas\"><img decoding=\"async\" class=\"iconpdf\" src=\"http:\/\/www.matiasgomatomas.com\/wp-content\/uploads\/2020\/06\/iconopdf.png\" \/><span class=\"titulodescargas\"><a href=\"https:\/\/www.matiasgomatomas.com\/wp-content\/uploads\/2021\/05\/certificat-pefc.pdf\" target=\"_blank\" rel=\"noopener noreferrer\">CERTIFICAT<br \/>\nPEFC<\/a><\/span><\/div>\n<p>[\/vc_column_text][vc_column_text]<\/p>\n<div class=\"iconosdescargas\"><img decoding=\"async\" class=\"iconpdf\" src=\"http:\/\/www.matiasgomatomas.com\/wp-content\/uploads\/2020\/06\/iconopdf.png\" \/><span class=\"titulodescargas\"><a href=\"https:\/\/www.matiasgomatomas.com\/wp-content\/uploads\/2021\/06\/certificat-iso-14001-esp.pdf\" target=\"_blank\" rel=\"noopener noreferrer\">CERTIFICAT<br \/>\nISO 14001<\/a><\/span><\/div>\n<p>[\/vc_column_text][vc_column_text]<\/p>\n<div class=\"iconosdescargas\"><img decoding=\"async\" class=\"iconpdf\" src=\"http:\/\/www.matiasgomatomas.com\/wp-content\/uploads\/2020\/06\/iconopdf.png\" \/><span class=\"titulodescargas\"><a href=\"https:\/\/www.matiasgomatomas.com\/wp-content\/uploads\/2021\/06\/certificat-iso-14001-esp.pdf\" target=\"_blank\" rel=\"noopener noreferrer\">CERTIFICAT<br \/>\nISO 50001<\/a><\/span><\/div>\n<p>[\/vc_column_text][\/vc_column_inner][vc_column_inner width=&#8221;1\/3&#8243;][vc_column_text]<\/p>\n<h4 class=\"titulofichas\">POL\u00cdTICA INTEGRADA<\/h4>\n<p>[\/vc_column_text][vc_empty_space height=&#8221;20px&#8221;][vc_column_text]<\/p>\n<div class=\"iconosdescargas\"><img decoding=\"async\" class=\"iconpdf\" src=\"http:\/\/www.matiasgomatomas.com\/wp-content\/uploads\/2020\/06\/iconopdf.png\" \/><span class=\"titulodescargas\"><a href=\"https:\/\/www.matiasgomatomas.com\/wp-content\/uploads\/2023\/10\/Politica-integrada-CAT.pdf\" target=\"_blank\" rel=\"noopener noreferrer\">POL\u00cdTICA INTEGRADA<\/a><\/span><\/div>\n<p>[\/vc_column_text][vc_empty_space height=&#8221;20px&#8221;][vc_column_text]<\/p>\n<h4 class=\"titulofichas\">AJUTS I SUBVENCIONS<\/h4>\n<p>[\/vc_column_text][vc_empty_space height=&#8221;20px&#8221;][vc_column_text]<\/p>\n<div class=\"iconosdescargas\"><img decoding=\"async\" class=\"iconpdf\" src=\"http:\/\/www.matiasgomatomas.com\/wp-content\/uploads\/2020\/06\/iconopdf.png\" \/><span class=\"titulodescargas\"><a href=\"https:\/\/www.matiasgomatomas.com\/wp-content\/uploads\/2021\/11\/FNEE-ICAEN_14_MGT.pdf\" target=\"_blank\" rel=\"noopener noreferrer\">EXPEDIENT ICA012\/19\/00014<\/a><\/span><\/div>\n<p>[\/vc_column_text][vc_column_text]<\/p>\n<div class=\"iconosdescargas\"><img decoding=\"async\" class=\"iconpdf\" src=\"http:\/\/www.matiasgomatomas.com\/wp-content\/uploads\/2020\/06\/iconopdf.png\" \/><span class=\"titulodescargas\"><a href=\"https:\/\/www.matiasgomatomas.com\/wp-content\/uploads\/2022\/05\/Exp-FN-PGESI-2018-002837.pdf\" target=\"_blank\" rel=\"noopener noreferrer\">EXPEDIENT: FN-PGESI-2018-002837<\/a><\/span><\/div>\n<p>[\/vc_column_text][vc_column_text]<\/p>\n<div class=\"iconosdescargas\"><img decoding=\"async\" class=\"iconpdf\" src=\"http:\/\/www.matiasgomatomas.com\/wp-content\/uploads\/2020\/06\/iconopdf.png\" \/><span class=\"titulodescargas\"><a href=\"https:\/\/www.matiasgomatomas.com\/wp-content\/uploads\/2023\/11\/FEDER-ICA022_21_000104.pdf\" target=\"_blank\" rel=\"noopener noreferrer\">EXPEDIENT: ICA022\/21\/000104<\/a><\/span><\/div>\n<p>[\/vc_column_text][vc_column_text]<\/p>\n<h4 class=\"titulofichas\">ENLLA\u00c7OS D&#8217;INTER\u00c8S<\/h4>\n<p>[\/vc_column_text][vc_column_text]<a style=\"color: #444;\" href=\"https:\/\/grupoindustrialcl.com\" target=\"_blank\" rel=\"noopener noreferrer\"><span class=\"titulodescargas\">GRUPO INDUSTRIAL CL<\/span><\/a>[\/vc_column_text][vc_column_text]<a href=\"http:\/\/www.aspapel.es\" target=\"_blank\" rel=\"noopener noreferrer\"><span class=\"titulodescargas\" style=\"color: #444;\">ASPAPEL<\/span><\/a>[\/vc_column_text][vc_column_text]<a href=\"https:\/\/www.afco.es\" target=\"_blank\" rel=\"noopener noreferrer\"><span class=\"titulodescargas\" style=\"color: #444;\">AFCO<\/span><\/a>[\/vc_column_text][vc_column_text]<a href=\"https:\/\/www.fefco.org\" target=\"_blank\" rel=\"noopener noreferrer\"><span class=\"titulodescargas\" style=\"color: #444;\">FEFCO<\/span><\/a>[\/vc_column_text][vc_column_text]<a style=\"color: #444;\" href=\"https:\/\/www.cepi-containerboard.org\" target=\"_blank\" rel=\"noopener noreferrer\"><span class=\"titulodescargas\">CEPI<\/span><\/a>[\/vc_column_text][\/vc_column_inner][\/vc_row_inner][\/vc_column][\/vc_row]<\/p>\n<\/section>","protected":false},"excerpt":{"rendered":"<p>[vc_row css_animation=&#8221;&#8221; row_type=&#8221;row&#8221; use_row_as_full_screen_section=&#8221;no&#8221; type=&#8221;grid&#8221; angled_section=&#8221;no&#8221; text_align=&#8221;left&#8221; background_image_as_pattern=&#8221;without_pattern&#8221; el_class=&#8221;paddingcabecera&#8221; z_index=&#8221;&#8221; css=&#8221;.vc_custom_1592302116044{background-image: url(http:\/\/www.matiasgomatomas.com\/wp-content\/uploads\/2020\/06\/matias-goma-tomas-about.jpg?id=166) !important;}&#8221;][vc_column css_animation=&#8221;fadeIn&#8221;][vc_column_text] 60 ANYS MIRANT AL FUTUR [\/vc_column_text][vc_single_image image=&#8221;119&#8243; img_size=&#8221;full&#8221; qode_css_animation=&#8221;&#8221; el_class=&#8221;trivalpapel&#8221;][\/vc_column][\/vc_row][vc_row css_animation=&#8221;&#8221; row_type=&#8221;row&#8221; use_row_as_full_screen_section=&#8221;no&#8221; type=&#8221;grid&#8221; angled_section=&#8221;no&#8221; text_align=&#8221;left&#8221; background_image_as_pattern=&#8221;without_pattern&#8221; z_index=&#8221;&#8221; el_class=&#8221;paddingsecciones&#8221;][vc_column css_animation=&#8221;fadeIn&#8221;][vc_column_text] Som una empresa plena de passi\u00f3 per l\u2019ofici que des de&#8230;<\/p>\n","protected":false},"author":1,"featured_media":0,"parent":0,"menu_order":0,"comment_status":"closed","ping_status":"closed","template":"full_width.php","meta":{"footnotes":""},"class_list":["post-427","page","type-page","status-publish","hentry"],"_links":{"self":[{"href":"https:\/\/www.matiasgomatomas.com\/ca\/wp-json\/wp\/v2\/pages\/427","targetHints":{"allow":["GET"]}}],"collection":[{"href":"https:\/\/www.matiasgomatomas.com\/ca\/wp-json\/wp\/v2\/pages"}],"about":[{"href":"https:\/\/www.matiasgomatomas.com\/ca\/wp-json\/wp\/v2\/types\/page"}],"author":[{"embeddable":true,"href":"https:\/\/www.matiasgomatomas.com\/ca\/wp-json\/wp\/v2\/users\/1"}],"replies":[{"embeddable":true,"href":"https:\/\/www.matiasgomatomas.com\/ca\/wp-json\/wp\/v2\/comments?post=427"}],"version-history":[{"count":57,"href":"https:\/\/www.matiasgomatomas.com\/ca\/wp-json\/wp\/v2\/pages\/427\/revisions"}],"predecessor-version":[{"id":2804,"href":"https:\/\/www.matiasgomatomas.com\/ca\/wp-json\/wp\/v2\/pages\/427\/revisions\/2804"}],"wp:attachment":[{"href":"https:\/\/www.matiasgomatomas.com\/ca\/wp-json\/wp\/v2\/media?parent=427"}],"curies":[{"name":"wp","href":"https:\/\/api.w.org\/{rel}","templated":true}]}}