{"id":448,"date":"2020-07-03T09:20:33","date_gmt":"2020-07-03T09:20:33","guid":{"rendered":"http:\/\/www.matiasgomatomas.com\/?page_id=448"},"modified":"2024-01-29T08:58:07","modified_gmt":"2024-01-29T08:58:07","slug":"compromis","status":"publish","type":"page","link":"https:\/\/www.matiasgomatomas.com\/ca\/compromis\/","title":{"rendered":"Comprom\u00eds"},"content":{"rendered":"<section class=\"wpb-content-wrapper\"><p>[vc_row css_animation=&#8221;&#8221; row_type=&#8221;row&#8221; use_row_as_full_screen_section=&#8221;no&#8221; type=&#8221;grid&#8221; angled_section=&#8221;no&#8221; text_align=&#8221;left&#8221; background_image_as_pattern=&#8221;without_pattern&#8221; el_class=&#8221;paddingcabecera&#8221; z_index=&#8221;&#8221; css=&#8221;.vc_custom_1592299140481{background-image: url(http:\/\/www.matiasgomatomas.com\/wp-content\/uploads\/2020\/06\/matias-goma-tomas-compromiso.jpg?id=140) !important;}&#8221;][vc_column css_animation=&#8221;fadeIn&#8221;][vc_column_text]<\/p>\n<h1>EL MEDI AMBIENT,<br \/>\nLA SOSTENIBILITAT I LA INNOVACI\u00d3 EN EL FOCUS<\/h1>\n<p>[\/vc_column_text][\/vc_column][\/vc_row][vc_row css_animation=&#8221;&#8221; row_type=&#8221;row&#8221; use_row_as_full_screen_section=&#8221;no&#8221; type=&#8221;grid&#8221; angled_section=&#8221;no&#8221; text_align=&#8221;left&#8221; background_image_as_pattern=&#8221;without_pattern&#8221; z_index=&#8221;&#8221; el_class=&#8221;paddingsecciones&#8221;][vc_column css_animation=&#8221;fadeIn&#8221;][vc_row_inner row_type=&#8221;row&#8221; type=&#8221;full_width&#8221; text_align=&#8221;left&#8221; css_animation=&#8221;&#8221;][vc_column_inner][vc_column_text]<\/p>\n<p style=\"text-align: center;\">El nostre comprom\u00eds amb el medi ambient es reflecteix en els nostres productes i processos de producci\u00f3 i, a m\u00e9s, en el paisatge que ens envolta. <strong>MGT<\/strong> se situa a la prov\u00edncia de Tarragona, a l\u2019entorn natural abrupte i roc\u00f3s del congost de les Roixel\u00b7les, entre les serres de Prades i de Miramar, al costat del riu Francol\u00ed.<\/p>\n<p>[\/vc_column_text][\/vc_column_inner][\/vc_row_inner][vc_empty_space height=&#8221;30px&#8221;][vc_column_text]<\/p>\n<h2 class=\"titulos\">DIEM I FEM<\/h2>\n<p>[\/vc_column_text][vc_column_text]<\/p>\n<p style=\"text-align: center;\">En <strong>Mat\u00edas Gom\u00e1 Tom\u00e1s<\/strong> no nom\u00e9s posem sobre un paper el nostre comprom\u00eds, sin\u00f3 que el portem a la pr\u00e0ctica amb projectes que deixen petjada en el nostre entorn. Per aix\u00f2 contribu\u00efm a la implementaci\u00f3 dels objectius de <strong>desenvolupament sostenible de les Nacions Unides<\/strong> en mat\u00e8ries com sostenibilitat, innovaci\u00f3 i igualtat.<\/p>\n<p>[\/vc_column_text][vc_empty_space height=&#8221;30px&#8221;][vc_column_text]<a class=\"botondegradado\" href=\"https:\/\/www.un.org\/sustainabledevelopment\/es\/sustainable-development-goals\/\" target=\"_blank\" rel=\"noopener noreferrer\">Objectius i metes<br \/>\nde desenvolupament sostenible<\/a>[\/vc_column_text][vc_empty_space height=&#8221;30px&#8221;][vc_single_image image=&#8221;1802&#8243; img_size=&#8221;full&#8221; alignment=&#8221;center&#8221; qode_css_animation=&#8221;&#8221; el_class=&#8221;imagencompromiso&#8221;][vc_empty_space height=&#8221;30px&#8221;][\/vc_column][\/vc_row][vc_row css_animation=&#8221;&#8221; row_type=&#8221;row&#8221; use_row_as_full_screen_section=&#8221;no&#8221; type=&#8221;grid&#8221; angled_section=&#8221;no&#8221; text_align=&#8221;left&#8221; background_image_as_pattern=&#8221;without_pattern&#8221; z_index=&#8221;&#8221; background_color=&#8221;#f5f5f5&#8243; el_class=&#8221;paddingsecciones&#8221; el_id=&#8221;sostenibilidad&#8221;][vc_column css_animation=&#8221;fadeIn&#8221;][vc_column_text]<\/p>\n<div id=\"compromiso\">\n<div class=\"bgcompromiso\">\n<h3>SOSTENIBILITAT I INNOVACI\u00d3<\/h3>\n<div class=\"espacio30\"><\/div>\n<p>Ens defineix una actitud proactiva davant el progr\u00e9s i el desenvolupament, perqu\u00e8 ens permet millorar la qualitat del nostre producte, per\u00f2 tamb\u00e9 reduir-ne l\u2019efecte en el medi ambient.<\/p>\n<\/div>\n<\/div>\n<p>[\/vc_column_text][\/vc_column][\/vc_row][vc_row css_animation=&#8221;&#8221; row_type=&#8221;row&#8221; use_row_as_full_screen_section=&#8221;no&#8221; type=&#8221;grid&#8221; angled_section=&#8221;no&#8221; text_align=&#8221;left&#8221; background_image_as_pattern=&#8221;without_pattern&#8221; el_class=&#8221;paddingseccionescolor bordertop&#8221; z_index=&#8221;&#8221; el_id=&#8221;BloqueDescargas&#8221;][vc_column][vc_column_text el_class=&#8221;center&#8221;]<\/p>\n<h2 class=\"titulos\">DESC\u00c0RREGUES<\/h2>\n<p>Volem compartir amb tu les nostres fitxes de producte, certificacions i altres documents d&#8217;inter\u00e8s.<\/p>\n<div class=\"espacio30\"><\/div>\n<p>[\/vc_column_text][vc_row_inner row_type=&#8221;row&#8221; type=&#8221;full_width&#8221; text_align=&#8221;left&#8221; css_animation=&#8221;&#8221;][vc_column_inner width=&#8221;1\/3&#8243;][vc_column_text]<\/p>\n<h4 class=\"titulofichas\">FITXES DE PRODUCTES<\/h4>\n<p>[\/vc_column_text][vc_empty_space height=&#8221;20px&#8221;][vc_column_text]<\/p>\n<div class=\"iconosdescargas\"><img decoding=\"async\" class=\"iconpdf\" src=\"http:\/\/www.matiasgomatomas.com\/wp-content\/uploads\/2020\/06\/iconopdf.png\" \/><a href=\"https:\/\/www.matiasgomatomas.com\/wp-content\/uploads\/2024\/01\/BICOLOR_MGT2024100-180.pdf\" target=\"_blank\" rel=\"noopener noreferrer\"><span class=\"titulodescargas\">BICOLOR (TL4)<\/span><\/a><\/div>\n<p>[\/vc_column_text][vc_column_text]<\/p>\n<div class=\"iconosdescargas\"><img decoding=\"async\" class=\"iconpdf\" src=\"http:\/\/www.matiasgomatomas.com\/wp-content\/uploads\/2020\/06\/iconopdf.png\" \/><a href=\"https:\/\/www.matiasgomatomas.com\/wp-content\/uploads\/2024\/01\/TESTLINER_MGT2024100-170.pdf\" target=\"_blank\" rel=\"noopener noreferrer\"><span class=\"titulodescargas\">TESTLINER (TL3)<\/span><\/a><\/div>\n<p>[\/vc_column_text][vc_column_text]<\/p>\n<div class=\"iconosdescargas\"><img decoding=\"async\" class=\"iconpdf\" src=\"http:\/\/www.matiasgomatomas.com\/wp-content\/uploads\/2020\/06\/iconopdf.png\" \/><a href=\"https:\/\/www.matiasgomatomas.com\/wp-content\/uploads\/2024\/01\/FLUTING-HP_MGT2024110-170.pdf\" target=\"_blank\" rel=\"noopener noreferrer\"><span class=\"titulodescargas\">FLUTING HP<\/span><\/a><\/div>\n<p>[\/vc_column_text][vc_column_text]<\/p>\n<div class=\"iconosdescargas\"><img decoding=\"async\" class=\"iconpdf\" src=\"http:\/\/www.matiasgomatomas.com\/wp-content\/uploads\/2020\/06\/iconopdf.png\" \/><a href=\"https:\/\/www.matiasgomatomas.com\/wp-content\/uploads\/2024\/01\/DUAL_MGT2024110-200.pdf\" target=\"_blank\" rel=\"noopener noreferrer\"><span class=\"titulodescargas\">DUAL USE (TL2)<\/span><\/a><\/div>\n<p>[\/vc_column_text][\/vc_column_inner][vc_column_inner width=&#8221;1\/3&#8243;][vc_column_text]<\/p>\n<h4 class=\"titulofichas\">CERTIFICACIONS<\/h4>\n<p>[\/vc_column_text][vc_empty_space height=&#8221;20px&#8221;][vc_column_text]<\/p>\n<div class=\"iconosdescargas\"><img decoding=\"async\" class=\"iconpdf\" src=\"http:\/\/www.matiasgomatomas.com\/wp-content\/uploads\/2020\/06\/iconopdf.png\" \/><span class=\"titulodescargas\"><a href=\"https:\/\/www.matiasgomatomas.com\/wp-content\/uploads\/2022\/09\/CertificadoER-0245-2019_ES_2021-09-16.pdf\" target=\"_blank\" rel=\"noopener noreferrer\">CERTIFICAT<br \/>\nISO 9001<\/a><\/span><\/div>\n<p>[\/vc_column_text][vc_column_text]<\/p>\n<div class=\"iconosdescargas\"><img decoding=\"async\" class=\"iconpdf\" src=\"http:\/\/www.matiasgomatomas.com\/wp-content\/uploads\/2020\/06\/iconopdf.png\" \/><span class=\"titulodescargas\"><a href=\"https:\/\/www.matiasgomatomas.com\/wp-content\/uploads\/2022\/09\/IQNetES-0245-2019_2021-09-16.pdf\" target=\"_blank\" rel=\"noopener noreferrer\">CERTIFICAT<br \/>\nIQNet<\/a><\/span><\/div>\n<p>[\/vc_column_text][vc_column_text]<\/p>\n<div class=\"iconosdescargas\"><img decoding=\"async\" class=\"iconpdf\" src=\"http:\/\/www.matiasgomatomas.com\/wp-content\/uploads\/2020\/06\/iconopdf.png\" \/><span class=\"titulodescargas\"><a href=\"https:\/\/www.matiasgomatomas.com\/wp-content\/uploads\/2021\/05\/certificat-FSC.pdf\" target=\"_blank\" rel=\"noopener noreferrer\">CERTIFICAT<br \/>\nFSC\u00ae-C134173<\/a><\/span><\/div>\n<p>[\/vc_column_text][vc_column_text]<\/p>\n<div class=\"iconosdescargas\"><img decoding=\"async\" class=\"iconpdf\" src=\"http:\/\/www.matiasgomatomas.com\/wp-content\/uploads\/2020\/06\/iconopdf.png\" \/><span class=\"titulodescargas\"><a href=\"https:\/\/www.matiasgomatomas.com\/wp-content\/uploads\/2021\/05\/certificat-pefc.pdf\" target=\"_blank\" rel=\"noopener noreferrer\">CERTIFICAT<br \/>\nPEFC<\/a><\/span><\/div>\n<p>[\/vc_column_text][vc_column_text]<\/p>\n<div class=\"iconosdescargas\"><img decoding=\"async\" class=\"iconpdf\" src=\"http:\/\/www.matiasgomatomas.com\/wp-content\/uploads\/2020\/06\/iconopdf.png\" \/><span class=\"titulodescargas\"><a href=\"https:\/\/www.matiasgomatomas.com\/wp-content\/uploads\/2021\/06\/certificat-iso-14001-esp.pdf\" target=\"_blank\" rel=\"noopener noreferrer\">CERTIFICAT<br \/>\nISO 14001<\/a><\/span><\/div>\n<p>[\/vc_column_text][vc_column_text]<\/p>\n<div class=\"iconosdescargas\"><img decoding=\"async\" class=\"iconpdf\" src=\"http:\/\/www.matiasgomatomas.com\/wp-content\/uploads\/2020\/06\/iconopdf.png\" \/><span class=\"titulodescargas\"><a href=\"https:\/\/www.matiasgomatomas.com\/wp-content\/uploads\/2021\/06\/certificat-iso-14001-esp.pdf\" target=\"_blank\" rel=\"noopener noreferrer\">CERTIFICAT<br \/>\nISO 50001<\/a><\/span><\/div>\n<p>[\/vc_column_text][\/vc_column_inner][vc_column_inner width=&#8221;1\/3&#8243;][vc_column_text]<\/p>\n<h4 class=\"titulofichas\">POL\u00cdTICA INTEGRADA<\/h4>\n<p>[\/vc_column_text][vc_empty_space height=&#8221;20px&#8221;][vc_column_text]<\/p>\n<div class=\"iconosdescargas\"><img decoding=\"async\" class=\"iconpdf\" src=\"http:\/\/www.matiasgomatomas.com\/wp-content\/uploads\/2020\/06\/iconopdf.png\" \/><span class=\"titulodescargas\"><a href=\"https:\/\/www.matiasgomatomas.com\/wp-content\/uploads\/2023\/10\/Politica-integrada-CAT.pdf\" target=\"_blank\" rel=\"noopener noreferrer\">POL\u00cdTICA INTEGRADA<\/a><\/span><\/div>\n<p>[\/vc_column_text][vc_empty_space height=&#8221;20px&#8221;][vc_column_text]<\/p>\n<h4 class=\"titulofichas\">AJUTS I SUBVENCIONS<\/h4>\n<p>[\/vc_column_text][vc_empty_space height=&#8221;20px&#8221;][vc_column_text]<\/p>\n<div class=\"iconosdescargas\"><img decoding=\"async\" class=\"iconpdf\" src=\"http:\/\/www.matiasgomatomas.com\/wp-content\/uploads\/2020\/06\/iconopdf.png\" \/><span class=\"titulodescargas\"><a href=\"https:\/\/www.matiasgomatomas.com\/wp-content\/uploads\/2021\/11\/FNEE-ICAEN_14_MGT.pdf\" target=\"_blank\" rel=\"noopener noreferrer\">EXPEDIENT ICA012\/19\/00014<\/a><\/span><\/div>\n<p>[\/vc_column_text][vc_column_text]<\/p>\n<div class=\"iconosdescargas\"><img decoding=\"async\" class=\"iconpdf\" src=\"http:\/\/www.matiasgomatomas.com\/wp-content\/uploads\/2020\/06\/iconopdf.png\" \/><span class=\"titulodescargas\"><a href=\"https:\/\/www.matiasgomatomas.com\/wp-content\/uploads\/2022\/05\/Exp-FN-PGESI-2018-002837.pdf\" target=\"_blank\" rel=\"noopener noreferrer\">EXPEDIENT: FN-PGESI-2018-002837<\/a><\/span><\/div>\n<p>[\/vc_column_text][vc_column_text]<\/p>\n<div class=\"iconosdescargas\"><img decoding=\"async\" class=\"iconpdf\" src=\"http:\/\/www.matiasgomatomas.com\/wp-content\/uploads\/2020\/06\/iconopdf.png\" \/><span class=\"titulodescargas\"><a href=\"https:\/\/www.matiasgomatomas.com\/wp-content\/uploads\/2023\/11\/FEDER-ICA022_21_000104.pdf\" target=\"_blank\" rel=\"noopener noreferrer\">EXPEDIENT: ICA022\/21\/000104<\/a><\/span><\/div>\n<p>[\/vc_column_text][vc_column_text]<\/p>\n<h4 class=\"titulofichas\">ENLLA\u00c7OS D&#8217;INTER\u00c8S<\/h4>\n<p>[\/vc_column_text][vc_column_text]<a style=\"color: #444;\" href=\"https:\/\/grupoindustrialcl.com\" target=\"_blank\" rel=\"noopener noreferrer\"><span class=\"titulodescargas\">GRUPO INDUSTRIAL CL<\/span><\/a>[\/vc_column_text][vc_column_text]<a href=\"http:\/\/www.aspapel.es\" target=\"_blank\" rel=\"noopener noreferrer\"><span class=\"titulodescargas\" style=\"color: #444;\">ASPAPEL<\/span><\/a>[\/vc_column_text][vc_column_text]<a href=\"https:\/\/www.afco.es\" target=\"_blank\" rel=\"noopener noreferrer\"><span class=\"titulodescargas\" style=\"color: #444;\">AFCO<\/span><\/a>[\/vc_column_text][vc_column_text]<a href=\"https:\/\/www.fefco.org\" target=\"_blank\" rel=\"noopener noreferrer\"><span class=\"titulodescargas\" style=\"color: #444;\">FEFCO<\/span><\/a>[\/vc_column_text][vc_column_text]<a style=\"color: #444;\" href=\"https:\/\/www.cepi-containerboard.org\" target=\"_blank\" rel=\"noopener noreferrer\"><span class=\"titulodescargas\">CEPI<\/span><\/a>[\/vc_column_text][\/vc_column_inner][\/vc_row_inner][\/vc_column][\/vc_row]<\/p>\n<\/section>","protected":false},"excerpt":{"rendered":"<p>[vc_row css_animation=&#8221;&#8221; row_type=&#8221;row&#8221; use_row_as_full_screen_section=&#8221;no&#8221; type=&#8221;grid&#8221; angled_section=&#8221;no&#8221; text_align=&#8221;left&#8221; background_image_as_pattern=&#8221;without_pattern&#8221; el_class=&#8221;paddingcabecera&#8221; z_index=&#8221;&#8221; css=&#8221;.vc_custom_1592299140481{background-image: url(http:\/\/www.matiasgomatomas.com\/wp-content\/uploads\/2020\/06\/matias-goma-tomas-compromiso.jpg?id=140) !important;}&#8221;][vc_column css_animation=&#8221;fadeIn&#8221;][vc_column_text] EL MEDI AMBIENT, LA SOSTENIBILITAT I LA INNOVACI\u00d3 EN EL FOCUS [\/vc_column_text][\/vc_column][\/vc_row][vc_row css_animation=&#8221;&#8221; row_type=&#8221;row&#8221; use_row_as_full_screen_section=&#8221;no&#8221; type=&#8221;grid&#8221; angled_section=&#8221;no&#8221; text_align=&#8221;left&#8221; background_image_as_pattern=&#8221;without_pattern&#8221; z_index=&#8221;&#8221; el_class=&#8221;paddingsecciones&#8221;][vc_column css_animation=&#8221;fadeIn&#8221;][vc_row_inner row_type=&#8221;row&#8221; type=&#8221;full_width&#8221; text_align=&#8221;left&#8221; css_animation=&#8221;&#8221;][vc_column_inner][vc_column_text] El nostre comprom\u00eds amb el&#8230;<\/p>\n","protected":false},"author":1,"featured_media":0,"parent":0,"menu_order":0,"comment_status":"closed","ping_status":"closed","template":"full_width.php","meta":{"footnotes":""},"class_list":["post-448","page","type-page","status-publish","hentry"],"_links":{"self":[{"href":"https:\/\/www.matiasgomatomas.com\/ca\/wp-json\/wp\/v2\/pages\/448","targetHints":{"allow":["GET"]}}],"collection":[{"href":"https:\/\/www.matiasgomatomas.com\/ca\/wp-json\/wp\/v2\/pages"}],"about":[{"href":"https:\/\/www.matiasgomatomas.com\/ca\/wp-json\/wp\/v2\/types\/page"}],"author":[{"embeddable":true,"href":"https:\/\/www.matiasgomatomas.com\/ca\/wp-json\/wp\/v2\/users\/1"}],"replies":[{"embeddable":true,"href":"https:\/\/www.matiasgomatomas.com\/ca\/wp-json\/wp\/v2\/comments?post=448"}],"version-history":[{"count":46,"href":"https:\/\/www.matiasgomatomas.com\/ca\/wp-json\/wp\/v2\/pages\/448\/revisions"}],"predecessor-version":[{"id":2483,"href":"https:\/\/www.matiasgomatomas.com\/ca\/wp-json\/wp\/v2\/pages\/448\/revisions\/2483"}],"wp:attachment":[{"href":"https:\/\/www.matiasgomatomas.com\/ca\/wp-json\/wp\/v2\/media?parent=448"}],"curies":[{"name":"wp","href":"https:\/\/api.w.org\/{rel}","templated":true}]}}