{"id":924,"date":"2020-10-15T11:11:00","date_gmt":"2020-10-15T11:11:00","guid":{"rendered":"https:\/\/www.matiasgomatomas.com\/contact\/"},"modified":"2026-03-13T09:54:28","modified_gmt":"2026-03-13T09:54:28","slug":"contact","status":"publish","type":"page","link":"https:\/\/www.matiasgomatomas.com\/en\/contact\/","title":{"rendered":"Contact"},"content":{"rendered":"<section class=\"wpb-content-wrapper\"><p>[vc_row css_animation=&#8221;&#8221; row_type=&#8221;row&#8221; use_row_as_full_screen_section=&#8221;no&#8221; type=&#8221;grid&#8221; angled_section=&#8221;no&#8221; text_align=&#8221;left&#8221; background_image_as_pattern=&#8221;without_pattern&#8221; el_class=&#8221;paddingcabecera&#8221; z_index=&#8221;&#8221; css=&#8221;.vc_custom_1592297873669{background-image: url(http:\/\/www.matiasgomatomas.com\/wp-content\/uploads\/2020\/06\/matias-goma-tomas-contacto.jpg?id=135) !important;}&#8221;][vc_column css_animation=&#8221;fadeIn&#8221;][vc_column_text]<\/p>\n<h1>WANT TO JOIN THE MAKING<br \/>\nPAPER TO RECYCLE THE WORLD MOVEMENT?<\/h1>\n<p>[\/vc_column_text][\/vc_column][\/vc_row][vc_row css_animation=&#8221;&#8221; row_type=&#8221;row&#8221; use_row_as_full_screen_section=&#8221;no&#8221; type=&#8221;grid&#8221; angled_section=&#8221;no&#8221; text_align=&#8221;left&#8221; background_image_as_pattern=&#8221;without_pattern&#8221; el_class=&#8221;paddingsecciones&#8221; z_index=&#8221;&#8221;][vc_column css_animation=&#8221;fadeIn&#8221; width=&#8221;1\/4&#8243; el_class=&#8221;cuadroscontacto&#8221;][vc_single_image image=&#8221;99&#8243; img_size=&#8221;full&#8221; alignment=&#8221;center&#8221; qode_css_animation=&#8221;&#8221;][vc_column_text]<\/p>\n<h2>CANDIDATES<\/h2>\n<p>Would you like to join the family that works at <strong>MGT<\/strong>?<\/p>\n<p><a href=\"mailto:personas@matiasgomatomas.com\" target=\"_blank\" rel=\"noopener noreferrer\">INTRODUCE YOURSELF<\/a>[\/vc_column_text][vc_empty_space height=&#8221;20px&#8221;][\/vc_column][vc_column css_animation=&#8221;fadeIn&#8221; width=&#8221;1\/4&#8243; el_class=&#8221;cuadroscontacto&#8221;][vc_single_image image=&#8221;98&#8243; img_size=&#8221;full&#8221; alignment=&#8221;center&#8221; qode_css_animation=&#8221;&#8221;][vc_column_text]<\/p>\n<h2>CUSTOMERS<\/h2>\n<p>Want to know more about our solutions?<\/p>\n<p><a href=\"mailto:hola@matiasgomatomas.com\">LET\u2019S TALK<\/a>[\/vc_column_text][vc_empty_space height=&#8221;20px&#8221;][\/vc_column][vc_column css_animation=&#8221;fadeIn&#8221; width=&#8221;1\/4&#8243; el_class=&#8221;cuadroscontacto&#8221;][vc_single_image image=&#8221;108&#8243; img_size=&#8221;full&#8221; alignment=&#8221;center&#8221; qode_css_animation=&#8221;&#8221;][vc_column_text]<\/p>\n<h2>TECHNOLOGY<\/h2>\n<p>Do you have innovative<br \/>\nmachinery?<\/p>\n<p><a href=\"mailto:tecnologia@matiasgomatomas.com\">WE LISTEN TO YOU<\/a>[\/vc_column_text][vc_empty_space height=&#8221;20px&#8221;][\/vc_column][vc_column css_animation=&#8221;fadeIn&#8221; width=&#8221;1\/4&#8243; el_class=&#8221;cuadroscontacto&#8221;][vc_single_image image=&#8221;96&#8243; img_size=&#8221;full&#8221; alignment=&#8221;center&#8221; qode_css_animation=&#8221;&#8221;][vc_column_text]<\/p>\n<h2>ADMINISTRATION<\/h2>\n<p>Do you need to clear up an accounting matter?<\/p>\n<p><a href=\"mailto:administracion@matiasgomatomas.com\">WE\u2019RE HERE TO HELP YOU<\/a>[\/vc_column_text][vc_empty_space height=&#8221;20px&#8221;][\/vc_column][\/vc_row][vc_row css_animation=&#8221;&#8221; row_type=&#8221;row&#8221; use_row_as_full_screen_section=&#8221;no&#8221; type=&#8221;grid&#8221; angled_section=&#8221;no&#8221; text_align=&#8221;left&#8221; background_image_as_pattern=&#8221;without_pattern&#8221; el_class=&#8221;paddingsecciones&#8221; z_index=&#8221;&#8221;][vc_column css_animation=&#8221;fadeIn&#8221;][vc_column_text el_class=&#8221;center&#8221;]You can always call us, write us, visit us or follow us on social media[\/vc_column_text][vc_empty_space height=&#8221;30px&#8221;][vc_row_inner row_type=&#8221;row&#8221; type=&#8221;full_width&#8221; text_align=&#8221;left&#8221; css_animation=&#8221;&#8221;][vc_column_inner el_class=&#8221;iconoshome&#8221; width=&#8221;1\/3&#8243;][vc_single_image image=&#8221;104&#8243; img_size=&#8221;full&#8221; alignment=&#8221;center&#8221; qode_css_animation=&#8221;&#8221;][vc_column_text]<\/p>\n<h3>CALL US<\/h3>\n<p><a href=\"tel:+34977876040\">+34 977 876 040<\/a>[\/vc_column_text][\/vc_column_inner][vc_column_inner el_class=&#8221;iconoshome&#8221; width=&#8221;1\/3&#8243;][vc_single_image image=&#8221;101&#8243; img_size=&#8221;full&#8221; alignment=&#8221;center&#8221; qode_css_animation=&#8221;&#8221;][vc_column_text]<\/p>\n<h3>WRITE US<\/h3>\n<p><a href=\"mailto:hola@matiasgomatomas.com\">hola@matiasgomatomas.com<\/a>[\/vc_column_text][\/vc_column_inner][vc_column_inner el_class=&#8221;iconoshome&#8221; width=&#8221;1\/3&#8243;][vc_single_image image=&#8221;107&#8243; img_size=&#8221;full&#8221; alignment=&#8221;center&#8221; qode_css_animation=&#8221;&#8221;][vc_column_text]<\/p>\n<h3>FOLLOW US<\/h3>\n<p><a href=\"https:\/\/www.linkedin.com\/company\/matias-goma-tomas\/\" target=\"_blank\" rel=\"noopener noreferrer\">Mat\u00edas Gom\u00e1 Tom\u00e1s<\/a>[\/vc_column_text][\/vc_column_inner][\/vc_row_inner][\/vc_column][\/vc_row][vc_row css_animation=&#8221;&#8221; row_type=&#8221;row&#8221; use_row_as_full_screen_section=&#8221;no&#8221; type=&#8221;grid&#8221; angled_section=&#8221;no&#8221; text_align=&#8221;left&#8221; background_image_as_pattern=&#8221;without_pattern&#8221; el_class=&#8221;paddingseccionescolor&#8221; z_index=&#8221;&#8221;][vc_column css_animation=&#8221;fadeIn&#8221;][vc_column_text el_class=&#8221;center&#8221;]<\/p>\n<p class=\"center\"><strong>IF YOU ARE NOT SURE ABOUT WHO TO TALK TO, SEND US YOUR MESSAGE USING THE FOLLOWING FORM:<\/strong><\/p>\n<p><strong>\u00a0<\/strong><\/p>\n<div class=\"espacio30\"><\/div>\n<p>[\/vc_column_text]\n<div class=\"wpcf7 no-js\" id=\"wpcf7-f923-o1\" lang=\"es-ES\" dir=\"ltr\" data-wpcf7-id=\"923\">\n<div class=\"screen-reader-response\"><p role=\"status\" aria-live=\"polite\" aria-atomic=\"true\"><\/p> <ul><\/ul><\/div>\n<form action=\"\/en\/wp-json\/wp\/v2\/pages\/924#wpcf7-f923-o1\" method=\"post\" class=\"wpcf7-form init cf7_custom_style_1\" aria-label=\"Formulario de contacto\" novalidate=\"novalidate\" data-status=\"init\">\n<fieldset class=\"hidden-fields-container\"><input type=\"hidden\" name=\"_wpcf7\" value=\"923\" \/><input type=\"hidden\" name=\"_wpcf7_version\" value=\"6.1.5\" \/><input type=\"hidden\" name=\"_wpcf7_locale\" value=\"es_ES\" \/><input type=\"hidden\" name=\"_wpcf7_unit_tag\" value=\"wpcf7-f923-o1\" \/><input type=\"hidden\" name=\"_wpcf7_container_post\" value=\"0\" \/><input type=\"hidden\" name=\"_wpcf7_posted_data_hash\" value=\"\" \/>\n<\/fieldset>\n<div id=\"responsive-form\" class=\"clearfix\">\n\t<div class=\"form-row\">\n\t\t<div class=\"column-half\">\n\t\t\t<p><span class=\"wpcf7-form-control-wrap\" data-name=\"first-name\"><input size=\"40\" maxlength=\"400\" class=\"wpcf7-form-control wpcf7-text wpcf7-validates-as-required\" aria-required=\"true\" aria-invalid=\"false\" placeholder=\"Name (required)\" value=\"\" type=\"text\" name=\"first-name\" \/><\/span>\n\t\t\t<\/p>\n\t\t<\/div>\n\t\t<div class=\"column-half\">\n\t\t\t<p><span class=\"wpcf7-form-control-wrap\" data-name=\"last-name\"><input size=\"40\" maxlength=\"400\" class=\"wpcf7-form-control wpcf7-text wpcf7-validates-as-required\" aria-required=\"true\" aria-invalid=\"false\" placeholder=\"Surname(s) (required)\" value=\"\" type=\"text\" name=\"last-name\" \/><\/span>\n\t\t\t<\/p>\n\t\t<\/div>\n\t<\/div>\n\t<div class=\"form-row\">\n\t\t<div class=\"column-full\">\n\t\t\t<p><span class=\"wpcf7-form-control-wrap\" data-name=\"your-empresa\"><input size=\"40\" maxlength=\"400\" class=\"wpcf7-form-control wpcf7-text wpcf7-validates-as-required\" aria-required=\"true\" aria-invalid=\"false\" placeholder=\"Company\" value=\"\" type=\"text\" name=\"your-empresa\" \/><\/span>\n\t\t\t<\/p>\n\t\t<\/div>\n\t<\/div>\n\t<div class=\"form-row\">\n\t\t<div class=\"column-half\">\n\t\t\t<p><span class=\"wpcf7-form-control-wrap\" data-name=\"your-email\"><input size=\"40\" maxlength=\"400\" class=\"wpcf7-form-control wpcf7-email wpcf7-validates-as-required wpcf7-text wpcf7-validates-as-email\" aria-required=\"true\" aria-invalid=\"false\" placeholder=\"Email (required)\" value=\"\" type=\"email\" name=\"your-email\" \/><\/span>\n\t\t\t<\/p>\n\t\t<\/div>\n\t\t<div class=\"column-half\">\n\t\t\t<p><span class=\"wpcf7-form-control-wrap\" data-name=\"your-phone\"><input size=\"40\" maxlength=\"400\" class=\"wpcf7-form-control wpcf7-text wpcf7-validates-as-required\" aria-required=\"true\" aria-invalid=\"false\" placeholder=\"Telephone\" value=\"\" type=\"text\" name=\"your-phone\" \/><\/span>\n\t\t\t<\/p>\n\t\t<\/div>\n\t<\/div>\n\t<div class=\"form-row\">\n\t\t<div class=\"column-full\">\n\t\t\t<p><span class=\"wpcf7-form-control-wrap\" data-name=\"your-message\"><textarea cols=\"40\" rows=\"10\" maxlength=\"2000\" class=\"wpcf7-form-control wpcf7-textarea\" aria-invalid=\"false\" name=\"your-message\">Subject<\/textarea><\/span>\n\t\t\t<\/p>\n\t\t<\/div>\n\t<\/div>\n\t<p><span class=\"wpcf7-form-control-wrap\" data-name=\"acceptance-50\"><span class=\"wpcf7-form-control wpcf7-acceptance\"><span class=\"wpcf7-list-item\"><input type=\"checkbox\" name=\"acceptance-50\" value=\"1\" aria-invalid=\"false\" \/><\/span><\/span><\/span> I have read and I accept <a href=\"https:\/\/www.matiasgomatomas.com\/politica-de-privacidad\" target=\"_blank\">the Consent clauses and legal texts<\/a>.\n\t<\/p>\n\t<div class=\"form-row\">\n\t\t<div class=\"column-full\">\n\t\t\t<p><input class=\"wpcf7-form-control wpcf7-submit has-spinner\" type=\"submit\" value=\"Send\" \/>\n\t\t\t<\/p>\n\t\t<\/div>\n\t<\/div>\n<\/div><!--end responsive-form--><div class=\"wpcf7-response-output\" aria-hidden=\"true\"><\/div>\n<\/form>\n<\/div>\n[\/vc_column][\/vc_row][vc_row css_animation=&#8221;&#8221; row_type=&#8221;row&#8221; use_row_as_full_screen_section=&#8221;no&#8221; type=&#8221;grid&#8221; angled_section=&#8221;no&#8221; text_align=&#8221;left&#8221; background_image_as_pattern=&#8221;without_pattern&#8221; el_class=&#8221;paddingseccionescolor bordertop&#8221; z_index=&#8221;&#8221; el_id=&#8221;BloqueDescargas&#8221;][vc_column][vc_column_text el_class=&#8221;center&#8221;]<\/p>\n<h2 class=\"titulos\">DOWNLOADS<\/h2>\n<p>We want to share our product data sheets, certifications and other documents of interest with you.<\/p>\n<div class=\"espacio30\"><\/div>\n<p>[\/vc_column_text][vc_row_inner row_type=&#8221;row&#8221; type=&#8221;full_width&#8221; text_align=&#8221;left&#8221; css_animation=&#8221;&#8221;][vc_column_inner width=&#8221;1\/3&#8243;][vc_column_text]<\/p>\n<h4 class=\"titulofichas\">PRODUCT DATA SHEETS<\/h4>\n<p>[\/vc_column_text][vc_empty_space height=&#8221;20px&#8221;][vc_column_text]<\/p>\n<div class=\"iconosdescargas\"><img decoding=\"async\" class=\"iconpdf\" src=\"http:\/\/www.matiasgomatomas.com\/wp-content\/uploads\/2020\/06\/iconopdf.png\" \/><a href=\"https:\/\/www.matiasgomatomas.com\/wp-content\/uploads\/2024\/01\/BICOLOR_MGT2024100-180.pdf\" target=\"_blank\" rel=\"noopener noreferrer\"><span class=\"titulodescargas\">TWO-COLOURED (TL4)<\/span><\/a><\/div>\n<p>[\/vc_column_text][vc_column_text]<\/p>\n<div class=\"iconosdescargas\"><img decoding=\"async\" class=\"iconpdf\" src=\"http:\/\/www.matiasgomatomas.com\/wp-content\/uploads\/2020\/06\/iconopdf.png\" \/><a href=\"https:\/\/www.matiasgomatomas.com\/wp-content\/uploads\/2024\/01\/TESTLINER_MGT2024100-170.pdf\" target=\"_blank\" rel=\"noopener noreferrer\"><span class=\"titulodescargas\">TESTLINER (TL3)<\/span><\/a><\/div>\n<p>[\/vc_column_text][vc_column_text]<\/p>\n<div class=\"iconosdescargas\"><img decoding=\"async\" class=\"iconpdf\" src=\"http:\/\/www.matiasgomatomas.com\/wp-content\/uploads\/2020\/06\/iconopdf.png\" \/><a href=\"https:\/\/www.matiasgomatomas.com\/wp-content\/uploads\/2024\/01\/FLUTING-HP_MGT2024110-170.pdf\" target=\"_blank\" rel=\"noopener noreferrer\"><span class=\"titulodescargas\">FLUTING HP<\/span><\/a><\/div>\n<p>[\/vc_column_text][vc_column_text]<\/p>\n<div class=\"iconosdescargas\"><img decoding=\"async\" class=\"iconpdf\" src=\"http:\/\/www.matiasgomatomas.com\/wp-content\/uploads\/2020\/06\/iconopdf.png\" \/><a href=\"https:\/\/www.matiasgomatomas.com\/wp-content\/uploads\/2024\/01\/DUAL_MGT2024110-200.pdf\" target=\"_blank\" rel=\"noopener noreferrer\"><span class=\"titulodescargas\">DUAL USER (TL2)<\/span><\/a><\/div>\n<p>[\/vc_column_text][\/vc_column_inner][vc_column_inner width=&#8221;1\/3&#8243;][vc_column_text]<\/p>\n<h4 class=\"titulofichas\">CERTIFICATIONS<\/h4>\n<p>[\/vc_column_text][vc_empty_space height=&#8221;20px&#8221;][vc_column_text]<\/p>\n<div class=\"iconosdescargas\"><img decoding=\"async\" class=\"iconpdf\" src=\"http:\/\/www.matiasgomatomas.com\/wp-content\/uploads\/2020\/06\/iconopdf.png\" \/><span class=\"titulodescargas\"><a href=\"https:\/\/www.matiasgomatomas.com\/wp-content\/uploads\/2022\/09\/CertificadoER-0245-2019_ES_2021-09-16.pdf\" target=\"_blank\" rel=\"noopener noreferrer\">CERTIFICATION<br \/>\nISO 9001<\/a><\/span><\/div>\n<p>[\/vc_column_text][vc_column_text]<\/p>\n<div class=\"iconosdescargas\"><img decoding=\"async\" class=\"iconpdf\" src=\"http:\/\/www.matiasgomatomas.com\/wp-content\/uploads\/2020\/06\/iconopdf.png\" \/><span class=\"titulodescargas\"><a href=\"https:\/\/www.matiasgomatomas.com\/wp-content\/uploads\/2022\/09\/IQNetES-0245-2019_2021-09-16.pdf\" target=\"_blank\" rel=\"noopener noreferrer\">CERTIFICATION<br \/>\nIQNet<\/a><\/span><\/div>\n<p>[\/vc_column_text][vc_column_text]<\/p>\n<div class=\"iconosdescargas\"><img decoding=\"async\" class=\"iconpdf\" src=\"http:\/\/www.matiasgomatomas.com\/wp-content\/uploads\/2020\/06\/iconopdf.png\" \/><span class=\"titulodescargas\"><a href=\"https:\/\/www.matiasgomatomas.com\/wp-content\/uploads\/2021\/05\/certificat-FSC.pdf\" target=\"_blank\" rel=\"noopener noreferrer\">CERTIFICATION<br \/>\nFSC\u00ae-C134173<\/a><\/span><\/div>\n<p>[\/vc_column_text][vc_column_text]<\/p>\n<div class=\"iconosdescargas\"><img decoding=\"async\" class=\"iconpdf\" src=\"http:\/\/www.matiasgomatomas.com\/wp-content\/uploads\/2020\/06\/iconopdf.png\" \/><span class=\"titulodescargas\"><a href=\"https:\/\/www.matiasgomatomas.com\/wp-content\/uploads\/2021\/05\/certificat-pefc.pdf\" target=\"_blank\" rel=\"noopener noreferrer\">CERTIFICATION<br \/>\nPEFC<\/a><\/span><\/div>\n<p>[\/vc_column_text][vc_column_text]<\/p>\n<div class=\"iconosdescargas\"><img decoding=\"async\" class=\"iconpdf\" src=\"http:\/\/www.matiasgomatomas.com\/wp-content\/uploads\/2020\/06\/iconopdf.png\" \/><span class=\"titulodescargas\"><a href=\"https:\/\/www.matiasgomatomas.com\/wp-content\/uploads\/2021\/06\/certificat-iso-14001-esp.pdf\" target=\"_blank\" rel=\"noopener noreferrer\">CERTIFICATION<br \/>\nISO 14001<\/a><\/span><\/div>\n<p>[\/vc_column_text][vc_column_text]<\/p>\n<div class=\"iconosdescargas\"><img decoding=\"async\" class=\"iconpdf\" src=\"http:\/\/www.matiasgomatomas.com\/wp-content\/uploads\/2020\/06\/iconopdf.png\" \/><span class=\"titulodescargas\"><a href=\"https:\/\/www.matiasgomatomas.com\/wp-content\/uploads\/2021\/11\/ISO50001.pdf\" target=\"_blank\" rel=\"noopener noreferrer\">CERTIFICATION<br \/>\nISO 50001<\/a><\/span><\/div>\n<p>[\/vc_column_text][\/vc_column_inner][vc_column_inner width=&#8221;1\/3&#8243;][vc_column_text]<\/p>\n<h4 class=\"titulofichas\">INTEGRATED POLICY<\/h4>\n<p>[\/vc_column_text][vc_empty_space height=&#8221;20px&#8221;][vc_column_text]<\/p>\n<div class=\"iconosdescargas\"><img decoding=\"async\" class=\"iconpdf\" src=\"http:\/\/www.matiasgomatomas.com\/wp-content\/uploads\/2020\/06\/iconopdf.png\" \/><span class=\"titulodescargas\"><a href=\"https:\/\/www.matiasgomatomas.com\/wp-content\/uploads\/2023\/10\/Politica-integrada-EN.pdf\" target=\"_blank\" rel=\"noopener noreferrer\">INTEGRATED POLICY<\/a><\/span><\/div>\n<p>[\/vc_column_text][vc_empty_space height=&#8221;20px&#8221;][vc_column_text]<\/p>\n<h4 class=\"titulofichas\">AID AND SUBSIDIES<\/h4>\n<p>[\/vc_column_text][vc_empty_space height=&#8221;20px&#8221;][vc_column_text]<\/p>\n<div class=\"iconosdescargas\"><img decoding=\"async\" class=\"iconpdf\" src=\"http:\/\/www.matiasgomatomas.com\/wp-content\/uploads\/2020\/06\/iconopdf.png\" \/><span class=\"titulodescargas\"><a href=\"https:\/\/www.matiasgomatomas.com\/wp-content\/uploads\/2021\/11\/FNEE-ICAEN_14_MGT.pdf\" target=\"_blank\" rel=\"noopener noreferrer\">FILE ICA012\/19\/00014<\/a><\/span><\/div>\n<p>[\/vc_column_text][vc_column_text]<\/p>\n<div class=\"iconosdescargas\"><img decoding=\"async\" class=\"iconpdf\" src=\"http:\/\/www.matiasgomatomas.com\/wp-content\/uploads\/2020\/06\/iconopdf.png\" \/><span class=\"titulodescargas\"><a href=\"https:\/\/www.matiasgomatomas.com\/wp-content\/uploads\/2022\/05\/Exp-FN-PGESI-2018-002837.pdf\" target=\"_blank\" rel=\"noopener noreferrer\">FILE: FN-PGESI-2018-002837<\/a><\/span><\/div>\n<p>[\/vc_column_text][vc_column_text]<\/p>\n<div class=\"iconosdescargas\"><img decoding=\"async\" class=\"iconpdf\" src=\"http:\/\/www.matiasgomatomas.com\/wp-content\/uploads\/2020\/06\/iconopdf.png\" \/><span class=\"titulodescargas\"><a href=\"https:\/\/www.matiasgomatomas.com\/wp-content\/uploads\/2023\/11\/FEDER-ICA022_21_000104.pdf\" target=\"_blank\" rel=\"noopener noreferrer\">FILE: ICA022\/21\/000104<\/a><\/span><\/div>\n<p>[\/vc_column_text][vc_column_text]<\/p>\n<h4 class=\"titulofichas\">LINKS OF INTEREST<\/h4>\n<p>[\/vc_column_text][vc_column_text]<a style=\"color: #444;\" href=\"https:\/\/grupoindustrialcl.com\" target=\"_blank\" rel=\"noopener noreferrer\"><span class=\"titulodescargas\">GRUPO INDUSTRIAL CL<\/span><\/a>[\/vc_column_text][vc_column_text]<a href=\"http:\/\/www.aspapel.es\" target=\"_blank\" rel=\"noopener noreferrer\"><span class=\"titulodescargas\" style=\"color: #444;\">ASPAPEL<\/span><\/a>[\/vc_column_text][vc_column_text]<a href=\"https:\/\/www.afco.es\" target=\"_blank\" rel=\"noopener noreferrer\"><span class=\"titulodescargas\" style=\"color: #444;\">AFCO<\/span><\/a>[\/vc_column_text][vc_column_text]<a href=\"https:\/\/www.fefco.org\" target=\"_blank\" rel=\"noopener noreferrer\"><span class=\"titulodescargas\" style=\"color: #444;\">FEFCO<\/span><\/a>[\/vc_column_text][vc_column_text]<a href=\"https:\/\/www.cepi-containerboard.org\" target=\"_blank\" rel=\"noopener noreferrer\"><span class=\"titulodescargas\" style=\"color: #444;\">CEPI<\/span><\/a>[\/vc_column_text][\/vc_column_inner][\/vc_row_inner][\/vc_column][\/vc_row]<\/p>\n<\/section>","protected":false},"excerpt":{"rendered":"<p>[vc_row css_animation=&#8221;&#8221; row_type=&#8221;row&#8221; use_row_as_full_screen_section=&#8221;no&#8221; type=&#8221;grid&#8221; angled_section=&#8221;no&#8221; text_align=&#8221;left&#8221; background_image_as_pattern=&#8221;without_pattern&#8221; el_class=&#8221;paddingcabecera&#8221; z_index=&#8221;&#8221; css=&#8221;.vc_custom_1592297873669{background-image: url(http:\/\/www.matiasgomatomas.com\/wp-content\/uploads\/2020\/06\/matias-goma-tomas-contacto.jpg?id=135) !important;}&#8221;][vc_column css_animation=&#8221;fadeIn&#8221;][vc_column_text] WANT TO JOIN THE MAKING PAPER TO RECYCLE THE WORLD MOVEMENT? [\/vc_column_text][\/vc_column][\/vc_row][vc_row css_animation=&#8221;&#8221; row_type=&#8221;row&#8221; use_row_as_full_screen_section=&#8221;no&#8221; type=&#8221;grid&#8221; angled_section=&#8221;no&#8221; text_align=&#8221;left&#8221; background_image_as_pattern=&#8221;without_pattern&#8221; el_class=&#8221;paddingsecciones&#8221; z_index=&#8221;&#8221;][vc_column css_animation=&#8221;fadeIn&#8221; width=&#8221;1\/4&#8243; el_class=&#8221;cuadroscontacto&#8221;][vc_single_image image=&#8221;99&#8243; img_size=&#8221;full&#8221; alignment=&#8221;center&#8221; qode_css_animation=&#8221;&#8221;][vc_column_text] CANDIDATES Would you&#8230;<\/p>\n","protected":false},"author":1,"featured_media":0,"parent":0,"menu_order":0,"comment_status":"closed","ping_status":"closed","template":"full_width.php","meta":{"footnotes":""},"class_list":["post-924","page","type-page","status-publish","hentry"],"_links":{"self":[{"href":"https:\/\/www.matiasgomatomas.com\/en\/wp-json\/wp\/v2\/pages\/924","targetHints":{"allow":["GET"]}}],"collection":[{"href":"https:\/\/www.matiasgomatomas.com\/en\/wp-json\/wp\/v2\/pages"}],"about":[{"href":"https:\/\/www.matiasgomatomas.com\/en\/wp-json\/wp\/v2\/types\/page"}],"author":[{"embeddable":true,"href":"https:\/\/www.matiasgomatomas.com\/en\/wp-json\/wp\/v2\/users\/1"}],"replies":[{"embeddable":true,"href":"https:\/\/www.matiasgomatomas.com\/en\/wp-json\/wp\/v2\/comments?post=924"}],"version-history":[{"count":28,"href":"https:\/\/www.matiasgomatomas.com\/en\/wp-json\/wp\/v2\/pages\/924\/revisions"}],"predecessor-version":[{"id":2948,"href":"https:\/\/www.matiasgomatomas.com\/en\/wp-json\/wp\/v2\/pages\/924\/revisions\/2948"}],"wp:attachment":[{"href":"https:\/\/www.matiasgomatomas.com\/en\/wp-json\/wp\/v2\/media?parent=924"}],"curies":[{"name":"wp","href":"https:\/\/api.w.org\/{rel}","templated":true}]}}