{"id":998,"date":"2020-10-19T08:10:53","date_gmt":"2020-10-19T08:10:53","guid":{"rendered":"https:\/\/www.matiasgomatomas.com\/privacy-policy\/"},"modified":"2024-01-29T09:06:18","modified_gmt":"2024-01-29T09:06:18","slug":"privacy-policy","status":"publish","type":"page","link":"https:\/\/www.matiasgomatomas.com\/en\/privacy-policy\/","title":{"rendered":"Privacy policy"},"content":{"rendered":"<section class=\"wpb-content-wrapper\"><p>[vc_row css_animation=&#8221;&#8221; row_type=&#8221;row&#8221; use_row_as_full_screen_section=&#8221;no&#8221; type=&#8221;grid&#8221; angled_section=&#8221;no&#8221; text_align=&#8221;left&#8221; background_image_as_pattern=&#8221;without_pattern&#8221; el_class=&#8221;paddingcabecera&#8221; z_index=&#8221;&#8221; css=&#8221;.vc_custom_1592302116044{background-image: url(http:\/\/www.matiasgomatomas.com\/wp-content\/uploads\/2020\/06\/matias-goma-tomas-about.jpg?id=166) !important;}&#8221;][vc_column css_animation=&#8221;fadeIn&#8221;][vc_column_text]<\/p>\n<h1>Privacy policy<\/h1>\n<p>[\/vc_column_text][vc_single_image image=&#8221;119&#8243; img_size=&#8221;full&#8221; qode_css_animation=&#8221;&#8221; el_class=&#8221;trivalpapel&#8221;][\/vc_column][\/vc_row][vc_row css_animation=&#8221;&#8221; row_type=&#8221;row&#8221; use_row_as_full_screen_section=&#8221;no&#8221; type=&#8221;grid&#8221; angled_section=&#8221;no&#8221; text_align=&#8221;left&#8221; background_image_as_pattern=&#8221;without_pattern&#8221; el_class=&#8221;paddingsecciones&#8221; z_index=&#8221;&#8221;][vc_column][vc_column_text]At Mat\u00edas Gom\u00e1 Tom\u00e1s, S.A., we are committed to ensuring that your personal data is protected and not misused. By providing your personal information to us and using our Website, we understand that you have read and understood the terms related to personal data protection information set out below.<\/p>\n<p>&nbsp;<\/p>\n<p><strong>Who is the data controller?<\/strong><\/p>\n<p>Mat\u00edas Gom\u00e1 Tom\u00e1s S.A. CIF: A-43004811<\/p>\n<p>Registered address: Calle Afores S\/N \u2013 43450 La Riba (Tarragona)<\/p>\n<p>Telephone:977 876 040<\/p>\n<p>E-mail: dpo@clgrupoindustrial.com<\/p>\n<p>You can contact us through either channel.<\/p>\n<p>&nbsp;<\/p>\n<p><strong>For what purpose do we collect your personal data?<\/strong><\/p>\n<ul>\n<li><strong>Customers: <\/strong> we will process your personal data with the following purposes: maintenance of the contractual and pre-contractual relationship. Commercial information or that provided by electronic means.<\/li>\n<\/ul>\n<p>&nbsp;<\/p>\n<ul>\n<li><strong>Suppliers<\/strong>: we will process your personal data for the purpose of maintaining commercial relations.<\/li>\n<\/ul>\n<p>&nbsp;<\/p>\n<ul>\n<li><strong>Web or e-mail contacts:<\/strong> we will process your personal data for the following purposes: to respond to your queries, applications or requests; to improve our commercial strategy and your navigation of our Website.<\/li>\n<\/ul>\n<p>&nbsp;<\/p>\n<p>All of this is in accordance with the following privacy policies:<\/p>\n<p>Facebook <a href=\"http:\/\/www.facebook.com\/policy.php?ref=pf\">http:\/\/www.facebook.com\/policy.php?ref=pf<\/a><\/p>\n<p>Instagram <a href=\"https:\/\/help.instagram.com\/155833707900388\">https:\/\/help.instagram.com\/155833707900388<\/a><\/p>\n<p>Twitter <a href=\"http:\/\/twitter.com\/privacy\">http:\/\/twitter.com\/privacy<\/a><\/p>\n<p>Linkedin <a href=\"http:\/\/www.linkedin.com\/legal\/privacy-policy?trk=hb_ft_priv\">http:\/\/www.linkedin.com\/legal\/privacy-policy?trk=hb_ft_priv<\/a><\/p>\n<p>Google <a href=\"http:\/\/www.google.com\/intl\/es\/policies\/privacy\/\">http:\/\/www.google.com\/intl\/es\/policies\/privacy\/<\/a> (No tenemos)<\/p>\n<p>Youtube <a href=\"https:\/\/www.youtube.com\/account_privacy\">https:\/\/www.youtube.com\/account_privacy<\/a><\/p>\n<p>&nbsp;<\/p>\n<ul>\n<li><strong>Video surveillance:<\/strong>you are hereby informed that our facilities are equipped with surveillance camera systems. The surveillance camera systems are installed in order to control the entrance and exit to and from the facilities, as well as for security purposes<\/li>\n<\/ul>\n<p>&nbsp;<\/p>\n<ul>\n<li><strong>Job applicants: <\/strong><strong> we will process your personal data for the following purposes: organisation of selection processes for the recruitment of employees; <\/strong>appointments for job interviews and the evaluation of your application. <strong>If you have given us your consent, we can keep your CV for consideration in new selection processes.<\/strong><\/li>\n<\/ul>\n<p>&nbsp;<\/p>\n<p><strong>What is the legitimacy of the processing of your data?<\/strong><\/p>\n<p>&nbsp;<\/p>\n<ul>\n<li><strong>Customers:<\/strong> The legal basis for the processing of your data is the execution of a contract and maintenance of the contractual relationship. The offer of products and services through electronic means is based on the consent that is requested, without the withdrawal of this consent conditioning the execution of the contract in any case.<\/li>\n<\/ul>\n<p>&nbsp;<\/p>\n<ul>\n<li><strong>Suppliers:<\/strong>The legal basis for the processing of your data is the execution of a contract and maintenance of the contractual relationship.<\/li>\n<\/ul>\n<p>&nbsp;<\/p>\n<ul>\n<li><strong>Web or email contacts:<\/strong> The legal basis for the processing of your data is the consent of the interested party and the legitimate interest of the Data Controller.<\/li>\n<\/ul>\n<p>&nbsp;<\/p>\n<ul>\n<li><strong>Social media contacts:<\/strong>The legal basis for the processing of your data is the acceptance of a contractual relationship in the corresponding social network environment, and in accordance with its privacy policies.<\/li>\n<\/ul>\n<p>&nbsp;<\/p>\n<ul>\n<li><strong>Video surveillance:<\/strong> The legal basis for the processing of your data is the legitimate interest of the Data Controller.<\/li>\n<\/ul>\n<p>&nbsp;<\/p>\n<ul>\n<li><strong>Job applicants:<\/strong>the legal basis for the processing of your data is your unequivocal consent when you submit your CV.<\/li>\n<\/ul>\n<p>&nbsp;<\/p>\n<p><strong>To what recipients will your data be communicated?<\/strong><\/p>\n<p>Your data will not be passed on to third parties, unless we are legally obliged to do so.<\/p>\n<p>If you send us your CV, you authorise Mat\u00edas Gom\u00e1 Tom\u00e1s, S.A. to save your data for future selection processes.<\/p>\n<p>Any international transfer of data when using American applications shall adhere to the Privacy Shield agreement, which guarantees that American software companies comply with European data protection policies with regard to privacy.<\/p>\n<p>&nbsp;<\/p>\n<p><strong>Do we process the data of minors?<\/strong><\/p>\n<p>We do not process data of children under the age of 18, so please do not provide your data if you are not of legal age.<\/p>\n<p>&nbsp;<\/p>\n<p><strong>What security measures do we apply?<\/strong><\/p>\n<p>You can rest assured that we have adopted an optimal level of protection for the personal data we handle, and we have installed all the technical means and measures at our disposal, according to the state of technology, to prevent the loss, misuse, alteration, unauthorised access and theft of personal data.<\/p>\n<p>&nbsp;<\/p>\n<p><strong>What are your rights in relation to the data processing?<\/strong><\/p>\n<p>&nbsp;<\/p>\n<table width=\"651\">\n<tbody>\n<tr>\n<td width=\"213\"><strong>Right<\/strong><\/td>\n<td width=\"600\"><strong>Content<\/strong><\/td>\n<\/tr>\n<tr>\n<td width=\"213\">ACCESS<\/td>\n<td width=\"600\">&nbsp;<\/p>\n<p>You will be able to consult your personal data included in our files.<\/p>\n<p>&nbsp;<\/td>\n<\/tr>\n<tr>\n<td width=\"213\">RECTIFICATION<\/td>\n<td width=\"600\">&nbsp;<\/p>\n<p>You will be able to modify your personal data when they are inaccurate.<\/p>\n<p>&nbsp;<\/td>\n<\/tr>\n<tr>\n<td width=\"213\">ERASURE<\/td>\n<td width=\"600\">&nbsp;<\/p>\n<p>You will be able to request the deletion of your personal data.<\/p>\n<p>&nbsp;<\/td>\n<\/tr>\n<tr>\n<td width=\"213\">OPPOSITION<\/td>\n<td width=\"600\">&nbsp;<\/p>\n<p>You will be able to request that your personal data not be processed.<\/p>\n<p>&nbsp;<\/td>\n<\/tr>\n<tr>\n<td width=\"213\">PROCESSING LIMITATION<\/td>\n<td width=\"600\">&nbsp;<\/p>\n<p>You will be able to request the limitation of the processing of your data in the following cases:<\/p>\n<p>&#8211; While the accuracy of your data is being checked.<\/p>\n<p>\u2013 When the processing is illicit, but you oppose to the suppression of your data.<\/p>\n<p>\u2013 When the Data Controller does not need to process your data, but you need them to exercise or defend claims.<\/p>\n<p>\u2013 When you have opposed the processing of your data for the fulfilment of a mission in the public interest or for the satisfaction of a legitimate interest, while verifying whether the legitimate reasons for the processing prevail over your own.<\/p>\n<p>&nbsp;<\/td>\n<\/tr>\n<tr>\n<td width=\"213\">PORTABILITY<\/td>\n<td width=\"600\">&nbsp;<\/p>\n<p>You will be able to receive, in electronic format, the personal data that you have provided us, as well as transmit them to another entity.<\/p>\n<p>&nbsp;<\/td>\n<\/tr>\n<\/tbody>\n<\/table>\n<p>&nbsp;<\/p>\n<p>Mat\u00edas Gom\u00e1 Tom\u00e1s, S.A. has forms for the exercise of rights that can be requested by email at dpo@clgrupoindustrial.com. You can also use those developed by the Spanish Data Protection Agency or third parties. These forms must be electronically signed or accompanied by a photocopy of your ID card. If you act through a legal representative, a copy of your ID card or an electronic signature must also be provided.<\/p>\n<p>The forms must be submitted in person to Mat\u00edas Gom\u00e1 Tom\u00e1s, S.A. or sent by post or e-mail to the addresses shown in the \u201cData Controller\u201d section.<\/p>\n<p>You have the right to file a complaint with the Spanish Data Protection Agency in the event that you consider that the exercise of your rights has not been properly satisfied. The maximum period of resolution is one month from the receipt of your application.<\/p>\n<p>In the case of any change in your data, please inform us properly in writing in order to keep your data updated.<\/p>\n<p>&nbsp;<\/p>\n<p><strong>How long will we keep your personal data?<\/strong><\/p>\n<p>Your personal data will be kept as long as you remain linked to us.<\/p>\n<p>Once you disassociate yourself, the personal data processed for each purpose will be kept for the legally prescribed period, including the period in which a judge or court may require them in accordance to the statute of limitations for legal actions.[\/vc_column_text][\/vc_column][\/vc_row][vc_row css_animation=&#8221;&#8221; row_type=&#8221;row&#8221; use_row_as_full_screen_section=&#8221;no&#8221; type=&#8221;grid&#8221; angled_section=&#8221;no&#8221; text_align=&#8221;left&#8221; background_image_as_pattern=&#8221;without_pattern&#8221; el_class=&#8221;paddingseccionescolor bordertop&#8221; z_index=&#8221;&#8221; el_id=&#8221;BloqueDescargas&#8221;][vc_column][vc_column_text el_class=&#8221;center&#8221;]<\/p>\n<h2 class=\"titulos\">DOWNLOADS<\/h2>\n<p>We want to share our product data sheets, certifications and other documents of interest with you.<\/p>\n<div class=\"espacio30\"><\/div>\n<p>[\/vc_column_text][vc_row_inner row_type=&#8221;row&#8221; type=&#8221;full_width&#8221; text_align=&#8221;left&#8221; css_animation=&#8221;&#8221;][vc_column_inner width=&#8221;1\/3&#8243;][vc_column_text]<\/p>\n<h4 class=\"titulofichas\">PRODUCT DATA SHEETS<\/h4>\n<p>[\/vc_column_text][vc_empty_space height=&#8221;20px&#8221;][vc_column_text]<\/p>\n<div class=\"iconosdescargas\"><img decoding=\"async\" class=\"iconpdf\" src=\"http:\/\/www.matiasgomatomas.com\/wp-content\/uploads\/2020\/06\/iconopdf.png\" \/><a href=\"https:\/\/www.matiasgomatomas.com\/wp-content\/uploads\/2024\/01\/BICOLOR_MGT2024100-180.pdf\" target=\"_blank\" rel=\"noopener noreferrer\"><span class=\"titulodescargas\">TWO-COLOURED (TL4)<\/span><\/a><\/div>\n<p>[\/vc_column_text][vc_column_text]<\/p>\n<div class=\"iconosdescargas\"><img decoding=\"async\" class=\"iconpdf\" src=\"http:\/\/www.matiasgomatomas.com\/wp-content\/uploads\/2020\/06\/iconopdf.png\" \/><a href=\"https:\/\/www.matiasgomatomas.com\/wp-content\/uploads\/2024\/01\/TESTLINER_MGT2024100-170.pdf\" target=\"_blank\" rel=\"noopener noreferrer\"><span class=\"titulodescargas\">TESTLINER (TL3)<\/span><\/a><\/div>\n<p>[\/vc_column_text][vc_column_text]<\/p>\n<div class=\"iconosdescargas\"><img decoding=\"async\" class=\"iconpdf\" src=\"http:\/\/www.matiasgomatomas.com\/wp-content\/uploads\/2020\/06\/iconopdf.png\" \/><a href=\"https:\/\/www.matiasgomatomas.com\/wp-content\/uploads\/2024\/01\/FLUTING-HP_MGT2024110-170.pdf\" target=\"_blank\" rel=\"noopener noreferrer\"><span class=\"titulodescargas\">FLUTING HP<\/span><\/a><\/div>\n<p>[\/vc_column_text][vc_column_text]<\/p>\n<div class=\"iconosdescargas\"><img decoding=\"async\" class=\"iconpdf\" src=\"http:\/\/www.matiasgomatomas.com\/wp-content\/uploads\/2020\/06\/iconopdf.png\" \/><a href=\"https:\/\/www.matiasgomatomas.com\/wp-content\/uploads\/2024\/01\/DUAL_MGT2024110-200.pdf\" target=\"_blank\" rel=\"noopener noreferrer\"><span class=\"titulodescargas\">DUAL USER (TL2)<\/span><\/a><\/div>\n<p>[\/vc_column_text][\/vc_column_inner][vc_column_inner width=&#8221;1\/3&#8243;][vc_column_text]<\/p>\n<h4 class=\"titulofichas\">CERTIFICATIONS<\/h4>\n<p>[\/vc_column_text][vc_empty_space height=&#8221;20px&#8221;][vc_column_text]<\/p>\n<div class=\"iconosdescargas\"><img decoding=\"async\" class=\"iconpdf\" src=\"http:\/\/www.matiasgomatomas.com\/wp-content\/uploads\/2020\/06\/iconopdf.png\" \/><span class=\"titulodescargas\"><a href=\"https:\/\/www.matiasgomatomas.com\/wp-content\/uploads\/2022\/09\/CertificadoER-0245-2019_ES_2021-09-16.pdf\" target=\"_blank\" rel=\"noopener noreferrer\">CERTIFICATION<br \/>\nISO 9001<\/a><\/span><\/div>\n<p>[\/vc_column_text][vc_column_text]<\/p>\n<div class=\"iconosdescargas\"><img decoding=\"async\" class=\"iconpdf\" src=\"http:\/\/www.matiasgomatomas.com\/wp-content\/uploads\/2020\/06\/iconopdf.png\" \/><span class=\"titulodescargas\"><a href=\"https:\/\/www.matiasgomatomas.com\/wp-content\/uploads\/2022\/09\/IQNetES-0245-2019_2021-09-16.pdf\" target=\"_blank\" rel=\"noopener noreferrer\">CERTIFICATION<br \/>\nIQNet<\/a><\/span><\/div>\n<p>[\/vc_column_text][vc_column_text]<\/p>\n<div class=\"iconosdescargas\"><img decoding=\"async\" class=\"iconpdf\" src=\"http:\/\/www.matiasgomatomas.com\/wp-content\/uploads\/2020\/06\/iconopdf.png\" \/><span class=\"titulodescargas\"><a href=\"https:\/\/www.matiasgomatomas.com\/wp-content\/uploads\/2021\/05\/certificat-FSC.pdf\" target=\"_blank\" rel=\"noopener noreferrer\">CERTIFICATION<br \/>\nFSC\u00ae-C134173<\/a><\/span><\/div>\n<p>[\/vc_column_text][vc_column_text]<\/p>\n<div class=\"iconosdescargas\"><img decoding=\"async\" class=\"iconpdf\" src=\"http:\/\/www.matiasgomatomas.com\/wp-content\/uploads\/2020\/06\/iconopdf.png\" \/><span class=\"titulodescargas\"><a href=\"https:\/\/www.matiasgomatomas.com\/wp-content\/uploads\/2021\/05\/certificat-pefc.pdf\" target=\"_blank\" rel=\"noopener noreferrer\">CERTIFICATION<br \/>\nPEFC<\/a><\/span><\/div>\n<p>[\/vc_column_text][vc_column_text]<\/p>\n<div class=\"iconosdescargas\"><img decoding=\"async\" class=\"iconpdf\" src=\"http:\/\/www.matiasgomatomas.com\/wp-content\/uploads\/2020\/06\/iconopdf.png\" \/><span class=\"titulodescargas\"><a href=\"https:\/\/www.matiasgomatomas.com\/wp-content\/uploads\/2021\/06\/certificat-iso-14001-esp.pdf\" target=\"_blank\" rel=\"noopener noreferrer\">CERTIFICATION<br \/>\nISO 14001<\/a><\/span><\/div>\n<p>[\/vc_column_text][vc_column_text]<\/p>\n<div class=\"iconosdescargas\"><img decoding=\"async\" class=\"iconpdf\" src=\"http:\/\/www.matiasgomatomas.com\/wp-content\/uploads\/2020\/06\/iconopdf.png\" \/><span class=\"titulodescargas\"><a href=\"https:\/\/www.matiasgomatomas.com\/wp-content\/uploads\/2021\/11\/ISO50001.pdf\" target=\"_blank\" rel=\"noopener noreferrer\">CERTIFICATION<br \/>\nISO 50001<\/a><\/span><\/div>\n<p>[\/vc_column_text][\/vc_column_inner][vc_column_inner width=&#8221;1\/3&#8243;][vc_column_text]<\/p>\n<h4 class=\"titulofichas\">INTEGRATED POLICY<\/h4>\n<p>[\/vc_column_text][vc_empty_space height=&#8221;20px&#8221;][vc_column_text]<\/p>\n<div class=\"iconosdescargas\"><img decoding=\"async\" class=\"iconpdf\" src=\"http:\/\/www.matiasgomatomas.com\/wp-content\/uploads\/2020\/06\/iconopdf.png\" \/><span class=\"titulodescargas\"><a href=\"https:\/\/www.matiasgomatomas.com\/wp-content\/uploads\/2023\/10\/Politica-integrada-EN.pdf\" target=\"_blank\" rel=\"noopener noreferrer\">INTEGRATED POLICY<\/a><\/span><\/div>\n<p>[\/vc_column_text][vc_empty_space height=&#8221;20px&#8221;][vc_column_text]<\/p>\n<h4 class=\"titulofichas\">AID AND SUBSIDIES<\/h4>\n<p>[\/vc_column_text][vc_empty_space height=&#8221;20px&#8221;][vc_column_text]<\/p>\n<div class=\"iconosdescargas\"><img decoding=\"async\" class=\"iconpdf\" src=\"http:\/\/www.matiasgomatomas.com\/wp-content\/uploads\/2020\/06\/iconopdf.png\" \/><span class=\"titulodescargas\"><a href=\"https:\/\/www.matiasgomatomas.com\/wp-content\/uploads\/2021\/11\/FNEE-ICAEN_14_MGT.pdf\" target=\"_blank\" rel=\"noopener noreferrer\">FILE ICA012\/19\/00014<\/a><\/span><\/div>\n<p>[\/vc_column_text][vc_column_text]<\/p>\n<div class=\"iconosdescargas\"><img decoding=\"async\" class=\"iconpdf\" src=\"http:\/\/www.matiasgomatomas.com\/wp-content\/uploads\/2020\/06\/iconopdf.png\" \/><span class=\"titulodescargas\"><a href=\"https:\/\/www.matiasgomatomas.com\/wp-content\/uploads\/2022\/05\/Exp-FN-PGESI-2018-002837.pdf\" target=\"_blank\" rel=\"noopener noreferrer\">FILE: FN-PGESI-2018-002837<\/a><\/span><\/div>\n<p>[\/vc_column_text][vc_column_text]<\/p>\n<div class=\"iconosdescargas\"><img decoding=\"async\" class=\"iconpdf\" src=\"http:\/\/www.matiasgomatomas.com\/wp-content\/uploads\/2020\/06\/iconopdf.png\" \/><span class=\"titulodescargas\"><a href=\"https:\/\/www.matiasgomatomas.com\/wp-content\/uploads\/2023\/11\/FEDER-ICA022_21_000104.pdf\" target=\"_blank\" rel=\"noopener noreferrer\">FILE: ICA022\/21\/000104<\/a><\/span><\/div>\n<p>[\/vc_column_text][vc_column_text]<\/p>\n<h4 class=\"titulofichas\">LINKS OF INTEREST<\/h4>\n<p>[\/vc_column_text][vc_column_text]<a style=\"color: #444;\" href=\"https:\/\/grupoindustrialcl.com\" target=\"_blank\" rel=\"noopener noreferrer\"><span class=\"titulodescargas\">GRUPO INDUSTRIAL CL<\/span><\/a>[\/vc_column_text][vc_column_text]<a href=\"http:\/\/www.aspapel.es\" target=\"_blank\" rel=\"noopener noreferrer\"><span class=\"titulodescargas\" style=\"color: #444;\">ASPAPEL<\/span><\/a>[\/vc_column_text][vc_column_text]<a href=\"https:\/\/www.afco.es\" target=\"_blank\" rel=\"noopener noreferrer\"><span class=\"titulodescargas\" style=\"color: #444;\">AFCO<\/span><\/a>[\/vc_column_text][vc_column_text]<a href=\"https:\/\/www.fefco.org\" target=\"_blank\" rel=\"noopener noreferrer\"><span class=\"titulodescargas\" style=\"color: #444;\">FEFCO<\/span><\/a>[\/vc_column_text][vc_column_text]<a href=\"https:\/\/www.cepi-containerboard.org\" target=\"_blank\" rel=\"noopener noreferrer\"><span class=\"titulodescargas\" style=\"color: #444;\">CEPI<\/span><\/a>[\/vc_column_text][\/vc_column_inner][\/vc_row_inner][\/vc_column][\/vc_row]<\/p>\n<\/section>","protected":false},"excerpt":{"rendered":"<p>[vc_row css_animation=&#8221;&#8221; row_type=&#8221;row&#8221; use_row_as_full_screen_section=&#8221;no&#8221; type=&#8221;grid&#8221; angled_section=&#8221;no&#8221; text_align=&#8221;left&#8221; background_image_as_pattern=&#8221;without_pattern&#8221; el_class=&#8221;paddingcabecera&#8221; z_index=&#8221;&#8221; css=&#8221;.vc_custom_1592302116044{background-image: url(http:\/\/www.matiasgomatomas.com\/wp-content\/uploads\/2020\/06\/matias-goma-tomas-about.jpg?id=166) !important;}&#8221;][vc_column css_animation=&#8221;fadeIn&#8221;][vc_column_text] Privacy policy [\/vc_column_text][vc_single_image image=&#8221;119&#8243; img_size=&#8221;full&#8221; qode_css_animation=&#8221;&#8221; el_class=&#8221;trivalpapel&#8221;][\/vc_column][\/vc_row][vc_row css_animation=&#8221;&#8221; row_type=&#8221;row&#8221; use_row_as_full_screen_section=&#8221;no&#8221; type=&#8221;grid&#8221; angled_section=&#8221;no&#8221; text_align=&#8221;left&#8221; background_image_as_pattern=&#8221;without_pattern&#8221; el_class=&#8221;paddingsecciones&#8221; z_index=&#8221;&#8221;][vc_column][vc_column_text]At Mat\u00edas Gom\u00e1 Tom\u00e1s, S.A., we are committed to ensuring that your personal data is protected&#8230;<\/p>\n","protected":false},"author":1,"featured_media":0,"parent":0,"menu_order":0,"comment_status":"closed","ping_status":"closed","template":"full_width.php","meta":{"footnotes":""},"class_list":["post-998","page","type-page","status-publish","hentry"],"_links":{"self":[{"href":"https:\/\/www.matiasgomatomas.com\/en\/wp-json\/wp\/v2\/pages\/998","targetHints":{"allow":["GET"]}}],"collection":[{"href":"https:\/\/www.matiasgomatomas.com\/en\/wp-json\/wp\/v2\/pages"}],"about":[{"href":"https:\/\/www.matiasgomatomas.com\/en\/wp-json\/wp\/v2\/types\/page"}],"author":[{"embeddable":true,"href":"https:\/\/www.matiasgomatomas.com\/en\/wp-json\/wp\/v2\/users\/1"}],"replies":[{"embeddable":true,"href":"https:\/\/www.matiasgomatomas.com\/en\/wp-json\/wp\/v2\/comments?post=998"}],"version-history":[{"count":34,"href":"https:\/\/www.matiasgomatomas.com\/en\/wp-json\/wp\/v2\/pages\/998\/revisions"}],"predecessor-version":[{"id":2491,"href":"https:\/\/www.matiasgomatomas.com\/en\/wp-json\/wp\/v2\/pages\/998\/revisions\/2491"}],"wp:attachment":[{"href":"https:\/\/www.matiasgomatomas.com\/en\/wp-json\/wp\/v2\/media?parent=998"}],"curies":[{"name":"wp","href":"https:\/\/api.w.org\/{rel}","templated":true}]}}