{"id":1184,"date":"2020-10-21T16:58:32","date_gmt":"2020-10-21T16:58:32","guid":{"rendered":"https:\/\/www.matiasgomatomas.com\/politique-de-confidentialite\/"},"modified":"2024-01-29T09:20:46","modified_gmt":"2024-01-29T09:20:46","slug":"politique-de-confidentialite","status":"publish","type":"page","link":"https:\/\/www.matiasgomatomas.com\/fr\/politique-de-confidentialite\/","title":{"rendered":"Politique de confidentialit\u00e9"},"content":{"rendered":"<section class=\"wpb-content-wrapper\"><p>[vc_row css_animation=\u00a0\u00bb\u00a0\u00bb row_type=\u00a0\u00bbrow\u00a0\u00bb use_row_as_full_screen_section=\u00a0\u00bbno\u00a0\u00bb type=\u00a0\u00bbgrid\u00a0\u00bb angled_section=\u00a0\u00bbno\u00a0\u00bb text_align=\u00a0\u00bbleft\u00a0\u00bb background_image_as_pattern=\u00a0\u00bbwithout_pattern\u00a0\u00bb el_class=\u00a0\u00bbpaddingcabecera\u00a0\u00bb z_index=\u00a0\u00bb\u00a0\u00bb css=\u00a0\u00bb.vc_custom_1592302116044{background-image: url(http:\/\/www.matiasgomatomas.com\/wp-content\/uploads\/2020\/06\/matias-goma-tomas-about.jpg?id=166) !important;}\u00a0\u00bb][vc_column css_animation=\u00a0\u00bbfadeIn\u00a0\u00bb][vc_column_text]<\/p>\n<h1>Politique de confidentialit\u00e9<\/h1>\n<p>[\/vc_column_text][vc_single_image image=\u00a0\u00bb119&Prime; img_size=\u00a0\u00bbfull\u00a0\u00bb qode_css_animation=\u00a0\u00bb\u00a0\u00bb el_class=\u00a0\u00bbtrivalpapel\u00a0\u00bb][\/vc_column][\/vc_row][vc_row css_animation=\u00a0\u00bb\u00a0\u00bb row_type=\u00a0\u00bbrow\u00a0\u00bb use_row_as_full_screen_section=\u00a0\u00bbno\u00a0\u00bb type=\u00a0\u00bbgrid\u00a0\u00bb angled_section=\u00a0\u00bbno\u00a0\u00bb text_align=\u00a0\u00bbleft\u00a0\u00bb background_image_as_pattern=\u00a0\u00bbwithout_pattern\u00a0\u00bb el_class=\u00a0\u00bbpaddingsecciones\u00a0\u00bb z_index=\u00a0\u00bb\u00a0\u00bb][vc_column][vc_column_text]Chez Mat\u00edas Gom\u00e1 Tom\u00e1s S.A., nous nous engageons \u00e0 garantir que vos informations personnelles sont prot\u00e9g\u00e9es et ne sont pas utilis\u00e9es \u00e0 mauvais escient. En nous fournissant vos informations personnelles et en utilisant notre site web, nous comprenons que vous avez lu et compris les conditions relatives aux informations sur la protection des donn\u00e9es \u00e0 caract\u00e8re personnel \u00e9nonc\u00e9es ci-dessous.<\/p>\n<p>&nbsp;<\/p>\n<p><strong>Qui est responsable du traitement de vos donn\u00e9es ?<\/strong><\/p>\n<p>Mat\u00edas Gom\u00e1 Tom\u00e1s S.A. CIF: A-43004811<\/p>\n<p>Si\u00e8ge : Calle Afores SN \u2013 43450 La Riba (Tarragone) ESPAGNE<\/p>\n<p>T\u00e9l\u00e9phone : +34 977 87 60 40<\/p>\n<p>Courrier \u00e9lectronique : dpo@clgrupoindustrial.com<\/p>\n<p>Vous pouvez communiquer avec nous par le biais de ces deux voies.<\/p>\n<p>&nbsp;<\/p>\n<p><strong>Dans quel but recueillons-nous vos informations personnelles?<\/strong><\/p>\n<ul>\n<li><strong>\u2022 Clients:<\/strong> nous traiterons vos donn\u00e9es personnelles aux fins suivantes : maintien de la relation contractuelle et pr\u00e9contractuelle. Informations commerciales ou \u00e9lectroniques.<\/li>\n<\/ul>\n<p>&nbsp;<\/p>\n<ul>\n<li><strong>\u2022 Fournisseurs:<\/strong> nous traiterons vos donn\u00e9es personnelles dans le but de maintenir les relations commerciales.<\/li>\n<\/ul>\n<p>&nbsp;<\/p>\n<ul>\n<li><strong>\u2022 Contacts sur le site ou par courrier \u00e9lectronique:<\/strong> nous utiliserons vos donn\u00e9es personnelles pour r\u00e9pondre \u00e0 vos questions, demandes ou requ\u00eates, ainsi que pour am\u00e9liorer notre strat\u00e9gie commerciale et votre navigation sur notre site web.<\/li>\n<\/ul>\n<p>&nbsp;<\/p>\n<p>Tout cela conform\u00e9ment aux politiques de confidentialit\u00e9 ci-dessous :<\/p>\n<p>Facebook <a href=\"http:\/\/www.facebook.com\/policy.php?ref=pf\">http:\/\/www.facebook.com\/policy.php?ref=pf<\/a><\/p>\n<p>Instagram <a href=\"https:\/\/help.instagram.com\/155833707900388\">https:\/\/help.instagram.com\/155833707900388<\/a><\/p>\n<p>Twitter <a href=\"http:\/\/twitter.com\/privacy\">http:\/\/twitter.com\/privacy<\/a><\/p>\n<p>Linkedin <a href=\"http:\/\/www.linkedin.com\/legal\/privacy-policy?trk=hb_ft_priv\">http:\/\/www.linkedin.com\/legal\/privacy-policy?trk=hb_ft_priv<\/a><\/p>\n<p>Google <a href=\"http:\/\/www.google.com\/intl\/es\/policies\/privacy\/\">http:\/\/www.google.com\/intl\/es\/policies\/privacy\/<\/a> (No tenemos)<\/p>\n<p>Youtube <a href=\"https:\/\/www.youtube.com\/account_privacy\">https:\/\/www.youtube.com\/account_privacy<\/a><\/p>\n<p>&nbsp;<\/p>\n<ul>\n<li><strong>\u2022 Vid\u00e9osurveillance:<\/strong> nous vous informons que nos installations sont \u00e9quip\u00e9es de syst\u00e8mes de cam\u00e9ras de surveillance. Ces syst\u00e8mes de cam\u00e9ras de surveillance sont install\u00e9s afin de contr\u00f4ler l\u2019entr\u00e9e et la sortie dans les installations, ainsi qu\u2019\u00e0 des fins de s\u00e9curit\u00e9.<\/li>\n<\/ul>\n<p>&nbsp;<\/p>\n<ul>\n<li><strong>\u2022 Demandeurs d\u2019emploi: <\/strong><strong> nous traiterons vos donn\u00e9es personnelles dans le but d\u2019organiser des processus de s\u00e9lection pour l\u2019embauche de salari\u00e9s,<\/strong>de vous donner rendez-vous pour des entretiens d&#8217;embauche et pour \u00e9valuer votre candidature.<strong>Si vous nous avez donn\u00e9 votre consentement, nous pourrons conserver votre CV afin de vous faire participer \u00e0 de nouveaux processus de s\u00e9lection <\/strong><\/li>\n<\/ul>\n<p>&nbsp;<\/p>\n<p><strong>Quelle est la l\u00e9gitimit\u00e9 du traitement de vos donn\u00e9es ?<\/strong><\/p>\n<p>&nbsp;<\/p>\n<ul>\n<li><strong>Clients<\/strong>: la base juridique du traitement de vos donn\u00e9es est l\u2019ex\u00e9cution d\u2019un contrat et le maintien de la relation contractuelle. L\u2019offre de produits et de services par voie \u00e9lectronique est fond\u00e9e sur le consentement qui vous est demand\u00e9, sans que le retrait de ce consentement ne conditionne en aucun cas l\u2019ex\u00e9cution du contrat.<\/li>\n<\/ul>\n<p>&nbsp;<\/p>\n<ul>\n<li><strong>Fournisseurs:<\/strong> la base juridique du traitement de vos donn\u00e9es est l\u2019ex\u00e9cution d\u2019un contrat et le maintien de la relation contractuelle.<\/li>\n<\/ul>\n<p>&nbsp;<\/p>\n<ul>\n<li><strong>Contacts sur le site ou par courrier \u00e9lectronique:<\/strong> la base juridique du traitement de vos donn\u00e9es est le consentement de la personne int\u00e9ress\u00e9e et l\u2019int\u00e9r\u00eat l\u00e9gitime du responsable du traitement.<\/li>\n<\/ul>\n<p>&nbsp;<\/p>\n<ul>\n<li><strong>Contacts sur les r\u00e9seaux sociaux:<\/strong> la base juridique du traitement de vos donn\u00e9es est l\u2019acceptation d\u2019une relation contractuelle dans l\u2019environnement du r\u00e9seau social correspondant, et ce, conform\u00e9ment \u00e0 ses politiques de confidentialit\u00e9.<\/li>\n<\/ul>\n<p>&nbsp;<\/p>\n<ul>\n<li><strong>Vid\u00e9osurveillance:<\/strong> la base juridique du traitement de vos donn\u00e9es est l\u2019int\u00e9r\u00eat l\u00e9gitime du responsable du traitement.<\/li>\n<\/ul>\n<p>&nbsp;<\/p>\n<ul>\n<li><strong>Demandeurs d\u2019emploi:<\/strong> la base juridique du traitement de vos donn\u00e9es est votre consentement sans \u00e9quivoque lorsque vous nous soumettez votre CV.<\/li>\n<\/ul>\n<p>&nbsp;<\/p>\n<p><strong>\u00c0 quels destinataires les donn\u00e9es seront-elles communiqu\u00e9es ?<\/strong><\/p>\n<p>Vos donn\u00e9es ne seront pas transmises \u00e0 des tiers, \u00e0 moins que la loi ne vous y oblige.<\/p>\n<p>En envoyant votre CV, vous autorisez Mat\u00edas Gom\u00e1 Tom\u00e1s S.A. \u00e0 conserver vos donn\u00e9es pour de futurs processus de s\u00e9lection.<\/p>\n<p>Tout transfert international de donn\u00e9es lors de l\u2019utilisation d\u2019applications am\u00e9ricaines sera soumis \u00e0 l\u2019accord \u00ab Privacy Shield \u00bb. Ce bouclier de protection des donn\u00e9es garantit que les \u00e9diteurs de logiciels am\u00e9ricains se conforment aux politiques europ\u00e9ennes de protection des donn\u00e9es en mati\u00e8re de confidentialit\u00e9.<\/p>\n<p>&nbsp;<\/p>\n<p><strong>Traitons-nous les donn\u00e9es relatives aux mineurs ?<\/strong><\/p>\n<p>Nous ne traitons pas les donn\u00e9es des personnes de moins de 18 ans. Par cons\u00e9quent, veuillez vous abstenir de nous fournir vos donn\u00e9es si vous n\u2019avez pas l\u2019\u00e2ge l\u00e9gal.<\/p>\n<p>&nbsp;<\/p>\n<p><strong>Quelles sont les mesures de s\u00e9curit\u00e9 que nous appliquons ?<\/strong><\/p>\n<p>Vous pouvez \u00eatre assur\u00e9s que nous avons adopt\u00e9 un niveau de protection optimal pour les donn\u00e9es \u00e0 caract\u00e8re personnel que nous traitons et que nous avons mis en place tous les moyens et mesures techniques \u00e0 notre disposition, en fonction de l\u2019\u00e9tat de la technologie, pour pr\u00e9venir la perte, l\u2019utilisation abusive, l\u2019alt\u00e9ration, l\u2019acc\u00e8s non autoris\u00e9 et le vol de donn\u00e9es \u00e0 caract\u00e8re personnel.<\/p>\n<p>&nbsp;<\/p>\n<p><strong>Quels sont vos droits en ce qui concerne le traitement des donn\u00e9es ?<\/strong><\/p>\n<p>&nbsp;<\/p>\n<table width=\"651\">\n<tbody>\n<tr>\n<td width=\"213\"><strong>Droit<\/strong><\/td>\n<td width=\"600\"><strong>Contenu<\/strong><\/td>\n<\/tr>\n<tr>\n<td width=\"213\">ACC\u00c8S<\/td>\n<td width=\"600\">&nbsp;<\/p>\n<p>Vous pouvez consulter vos donn\u00e9es personnelles incluses dans nos fichiers.<\/p>\n<p>&nbsp;<\/td>\n<\/tr>\n<tr>\n<td width=\"213\">RECTIFICATION<\/td>\n<td width=\"600\">&nbsp;<\/p>\n<p>Vous pouvez modifier vos donn\u00e9es personnelles lorsqu\u2019elles sont inexactes.<\/p>\n<p>&nbsp;<\/td>\n<\/tr>\n<tr>\n<td width=\"213\">EFFACEMENT<\/td>\n<td width=\"600\">&nbsp;<\/p>\n<p>Vous pouvez demander la suppression de vos donn\u00e9es personnelles.<\/p>\n<p>&nbsp;<\/td>\n<\/tr>\n<tr>\n<td width=\"213\">OPPOSITION<\/td>\n<td width=\"600\">&nbsp;<\/p>\n<p>Vous pouvez demander que vos donn\u00e9es personnelles ne soient pas trait\u00e9es.<\/p>\n<p>&nbsp;<\/td>\n<\/tr>\n<tr>\n<td width=\"213\">LIMITATION DU TRAITEMENT<\/td>\n<td width=\"600\">&nbsp;<\/p>\n<p>Vous pouvez demander une limitation du traitement de vos donn\u00e9es dans les cas suivants:<\/p>\n<p>&#8211; Pendant la v\u00e9rification de la contestation portant sur l\u2019exactitude de vos donn\u00e9es.<\/p>\n<p>&#8211; Lorsque le traitement est ill\u00e9gal, mais que vous vous opposez \u00e0 l\u2019effacement de vos donn\u00e9es.<\/p>\n<p>&#8211; Lorsque le responsable du traitement n\u2019a pas besoin de traiter vos donn\u00e9es mais que vous en avez besoin pour exercer ou d\u00e9fendre un droit en justice.<\/p>\n<p>&#8211; Lorsque vous vous \u00eates oppos\u00e9 au traitement de vos donn\u00e9es afin de remplir une mission d\u2019int\u00e9r\u00eat public ou de r\u00e9pondre \u00e0 un int\u00e9r\u00eat l\u00e9gitime, pendant la v\u00e9rification portant sur le point de savoir si les motifs l\u00e9gitimes du traitement pr\u00e9valent sur les v\u00f4tres.<\/p>\n<p>&nbsp;<\/td>\n<\/tr>\n<tr>\n<td width=\"213\">PORTABILIT\u00c9<\/td>\n<td width=\"600\">&nbsp;<\/p>\n<p>Vous pouvez recevoir, sous forme \u00e9lectronique, les donn\u00e9es \u00e0 caract\u00e8re personnel que vous nous avez fournies, ainsi que les transmettre \u00e0 une autre entit\u00e9.<\/p>\n<p>&nbsp;<\/td>\n<\/tr>\n<\/tbody>\n<\/table>\n<p>&nbsp;<\/p>\n<p>Mat\u00edas Gom\u00e1 Tom\u00e1s S.A. dispose de formulaires pour l\u2019exercice des droits qui peuvent \u00eatre demand\u00e9s \u00e0 l\u2019adresse \u00e9lectronique dpo@clgrupoindustrial.com, ou bien vous pouvez utiliser ceux qui sont pr\u00e9par\u00e9s par l\u2019Agence espagnole pour la protection des donn\u00e9es ou par des tiers. Ces formulaires doivent \u00eatre sign\u00e9s \u00e9lectroniquement ou \u00eatre accompagn\u00e9s d\u2019une photocopie de la carte d\u2019identit\u00e9. Si vous agissez par l\u2019interm\u00e9diaire d\u2019un repr\u00e9sentant, il doit de m\u00eame \u00eatre accompagn\u00e9 d\u2019une copie de votre carte d\u2019identit\u00e9 ou d\u2019une signature \u00e9lectronique.<\/p>\n<p>Les formulaires doivent \u00eatre remis en personne \u00e0 Mat\u00edas Gom\u00e1 Tom\u00e1s S.A. ou envoy\u00e9s par courrier postal ou \u00e9lectronique aux adresses figurant dans la rubrique \u00ab Responsable \u00bb.<\/p>\n<p>Vous avez le droit d\u2019introduire une r\u00e9clamation aupr\u00e8s de l\u2019Agence espagnole pour la protection des donn\u00e9es si vous estimez que l\u2019exercice de vos droits n\u2019a pas \u00e9t\u00e9 correctement trait\u00e9. Le d\u00e9lai maximal de r\u00e9solution est d\u2019un mois \u00e0 compter de la r\u00e9ception de votre demande.<\/p>\n<p>En cas de modification de vos donn\u00e9es, veuillez nous en informer par \u00e9crit afin que nous puissions les mettre \u00e0 jour.<\/p>\n<p>&nbsp;<\/p>\n<p><strong>Combien de temps allons-nous conserver vos donn\u00e9es personnelles?<\/strong><\/p>\n<p>Les donn\u00e9es personnelles seront conserv\u00e9es aussi longtemps que vous serez en relation avec nous.<\/p>\n<p>Une fois que vous aurez mis un terme \u00e0 cette relation, les donn\u00e9es \u00e0 caract\u00e8re personnel trait\u00e9es seront conserv\u00e9es pendant la p\u00e9riode l\u00e9galement pr\u00e9vue, y compris la p\u00e9riode pendant laquelle un juge ou un tribunal peut les exiger conform\u00e9ment au d\u00e9lai de prescription des actions en justice.[\/vc_column_text][\/vc_column][\/vc_row][vc_row css_animation=\u00a0\u00bb\u00a0\u00bb row_type=\u00a0\u00bbrow\u00a0\u00bb use_row_as_full_screen_section=\u00a0\u00bbno\u00a0\u00bb type=\u00a0\u00bbgrid\u00a0\u00bb angled_section=\u00a0\u00bbno\u00a0\u00bb text_align=\u00a0\u00bbleft\u00a0\u00bb background_image_as_pattern=\u00a0\u00bbwithout_pattern\u00a0\u00bb el_class=\u00a0\u00bbpaddingseccionescolor bordertop\u00a0\u00bb z_index=\u00a0\u00bb\u00a0\u00bb el_id=\u00a0\u00bbBloqueDescargas\u00a0\u00bb][vc_column][vc_column_text el_class=\u00a0\u00bbcenter\u00a0\u00bb]<\/p>\n<h2 class=\"titulos\">T\u00c9L\u00c9CHARGEMENTS<\/h2>\n<p>Nous souhaitons partager avec vous nos fiches produits, nos certifications et autres documents d\u2019int\u00e9r\u00eat.<\/p>\n<div class=\"espacio30\"><\/div>\n<p>[\/vc_column_text][vc_row_inner row_type=\u00a0\u00bbrow\u00a0\u00bb type=\u00a0\u00bbfull_width\u00a0\u00bb text_align=\u00a0\u00bbleft\u00a0\u00bb css_animation=\u00a0\u00bb\u00a0\u00bb][vc_column_inner width=\u00a0\u00bb1\/3&Prime;][vc_column_text]<\/p>\n<h4 class=\"titulofichas\">FICHES PRODUITS<\/h4>\n<p>[\/vc_column_text][vc_empty_space height=\u00a0\u00bb20px\u00a0\u00bb][vc_column_text]<\/p>\n<div class=\"iconosdescargas\"><img decoding=\"async\" class=\"iconpdf\" src=\"http:\/\/www.matiasgomatomas.com\/wp-content\/uploads\/2020\/06\/iconopdf.png\" \/><a href=\"https:\/\/www.matiasgomatomas.com\/wp-content\/uploads\/2024\/01\/BICOLOR_MGT2024100-180.pdf\" target=\"_blank\" rel=\"noopener noreferrer\"><span class=\"titulodescargas\">BICOLORE (TL4)<\/span><\/a><\/div>\n<p>[\/vc_column_text][vc_column_text]<\/p>\n<div class=\"iconosdescargas\"><img decoding=\"async\" class=\"iconpdf\" src=\"http:\/\/www.matiasgomatomas.com\/wp-content\/uploads\/2020\/06\/iconopdf.png\" \/><a href=\"https:\/\/www.matiasgomatomas.com\/wp-content\/uploads\/2024\/01\/TESTLINER_MGT2024100-170.pdf\" target=\"_blank\" rel=\"noopener noreferrer\"><span class=\"titulodescargas\">TESTLINER (TL3)<\/span><\/a><\/div>\n<p>[\/vc_column_text][vc_column_text]<\/p>\n<div class=\"iconosdescargas\"><img decoding=\"async\" class=\"iconpdf\" src=\"http:\/\/www.matiasgomatomas.com\/wp-content\/uploads\/2020\/06\/iconopdf.png\" \/><a href=\"https:\/\/www.matiasgomatomas.com\/wp-content\/uploads\/2024\/01\/FLUTING-HP_MGT2024110-170.pdf\" target=\"_blank\" rel=\"noopener noreferrer\"><span class=\"titulodescargas\">FLUTING HP<\/span><\/a><\/div>\n<p>[\/vc_column_text][vc_column_text]<\/p>\n<div class=\"iconosdescargas\"><img decoding=\"async\" class=\"iconpdf\" src=\"http:\/\/www.matiasgomatomas.com\/wp-content\/uploads\/2020\/06\/iconopdf.png\" \/><a href=\"https:\/\/www.matiasgomatomas.com\/wp-content\/uploads\/2024\/01\/DUAL_MGT2024110-200.pdf\" target=\"_blank\" rel=\"noopener noreferrer\"><span class=\"titulodescargas\">DUAL USE (TL2)<\/span><\/a><\/div>\n<p>[\/vc_column_text][\/vc_column_inner][vc_column_inner width=\u00a0\u00bb1\/3&Prime;][vc_column_text]<\/p>\n<h4 class=\"titulofichas\">CERTIFICATIONS<\/h4>\n<p>[\/vc_column_text][vc_empty_space height=\u00a0\u00bb20px\u00a0\u00bb][vc_column_text]<\/p>\n<div class=\"iconosdescargas\"><img decoding=\"async\" class=\"iconpdf\" src=\"http:\/\/www.matiasgomatomas.com\/wp-content\/uploads\/2020\/06\/iconopdf.png\" \/><span class=\"titulodescargas\"><a href=\"https:\/\/www.matiasgomatomas.com\/wp-content\/uploads\/2022\/09\/CertificadoER-0245-2019_ES_2021-09-16.pdf\" target=\"_blank\" rel=\"noopener noreferrer\">CERTIFI\u00c9<br \/>\nISO 9001<\/a><\/span><\/div>\n<p>[\/vc_column_text][vc_column_text]<\/p>\n<div class=\"iconosdescargas\"><img decoding=\"async\" class=\"iconpdf\" src=\"http:\/\/www.matiasgomatomas.com\/wp-content\/uploads\/2020\/06\/iconopdf.png\" \/><span class=\"titulodescargas\"><a href=\"https:\/\/www.matiasgomatomas.com\/wp-content\/uploads\/2022\/09\/IQNetES-0245-2019_2021-09-16.pdf\" target=\"_blank\" rel=\"noopener noreferrer\">CERTIFI\u00c9<br \/>\nIQNet<\/a><\/span><\/div>\n<p>[\/vc_column_text][vc_column_text]<\/p>\n<div class=\"iconosdescargas\"><img decoding=\"async\" class=\"iconpdf\" src=\"http:\/\/www.matiasgomatomas.com\/wp-content\/uploads\/2020\/06\/iconopdf.png\" \/><span class=\"titulodescargas\"><a href=\"https:\/\/www.matiasgomatomas.com\/wp-content\/uploads\/2021\/05\/certificat-FSC.pdf\" target=\"_blank\" rel=\"noopener noreferrer\">CERTIFI\u00c9<br \/>\nFSC\u00ae-C134173<\/a><\/span><\/div>\n<p>[\/vc_column_text][vc_column_text]<\/p>\n<div class=\"iconosdescargas\"><img decoding=\"async\" class=\"iconpdf\" src=\"http:\/\/www.matiasgomatomas.com\/wp-content\/uploads\/2020\/06\/iconopdf.png\" \/><span class=\"titulodescargas\"><a href=\"https:\/\/www.matiasgomatomas.com\/wp-content\/uploads\/2021\/05\/certificat-pefc.pdf\" target=\"_blank\" rel=\"noopener noreferrer\">CERTIFI\u00c9<br \/>\nPEFC<\/a><\/span><\/div>\n<p>[\/vc_column_text][vc_column_text]<\/p>\n<div class=\"iconosdescargas\"><img decoding=\"async\" class=\"iconpdf\" src=\"http:\/\/www.matiasgomatomas.com\/wp-content\/uploads\/2020\/06\/iconopdf.png\" \/><span class=\"titulodescargas\"><a href=\"https:\/\/www.matiasgomatomas.com\/wp-content\/uploads\/2021\/06\/certificat-iso-14001-esp.pdf\" target=\"_blank\" rel=\"noopener noreferrer\">CERTIFI\u00c9<br \/>\nISO 14001<\/a><\/span><\/div>\n<p>[\/vc_column_text][vc_column_text]<\/p>\n<div class=\"iconosdescargas\"><img decoding=\"async\" class=\"iconpdf\" src=\"http:\/\/www.matiasgomatomas.com\/wp-content\/uploads\/2020\/06\/iconopdf.png\" \/><span class=\"titulodescargas\"><a href=\"https:\/\/www.matiasgomatomas.com\/wp-content\/uploads\/2021\/11\/ISO50001.pdf\" target=\"_blank\" rel=\"noopener noreferrer\">CERTIFI\u00c9<br \/>\nISO 50001<\/a><\/span><\/div>\n<p>[\/vc_column_text][\/vc_column_inner][vc_column_inner width=\u00a0\u00bb1\/3&Prime;][vc_column_text]<\/p>\n<h4 class=\"titulofichas\">POLITIQUE INT\u00c9GR\u00c9E<\/h4>\n<p>[\/vc_column_text][vc_empty_space height=\u00a0\u00bb20px\u00a0\u00bb][vc_column_text]<\/p>\n<div class=\"iconosdescargas\"><img decoding=\"async\" class=\"iconpdf\" src=\"http:\/\/www.matiasgomatomas.com\/wp-content\/uploads\/2020\/06\/iconopdf.png\" \/><span class=\"titulodescargas\"><a href=\"https:\/\/www.matiasgomatomas.com\/wp-content\/uploads\/2023\/10\/Politica-integrada-FR.pdf\" target=\"_blank\" rel=\"noopener noreferrer\">POLITIQUE INT\u00c9GR\u00c9E<\/a><\/span><\/div>\n<p>[\/vc_column_text][vc_empty_space height=\u00a0\u00bb20px\u00a0\u00bb][vc_column_text]<\/p>\n<h4 class=\"titulofichas\">AIDES ET SUBVENTIONS<\/h4>\n<p>[\/vc_column_text][vc_empty_space height=\u00a0\u00bb20px\u00a0\u00bb][vc_column_text]<\/p>\n<div class=\"iconosdescargas\"><img decoding=\"async\" class=\"iconpdf\" src=\"http:\/\/www.matiasgomatomas.com\/wp-content\/uploads\/2020\/06\/iconopdf.png\" \/><span class=\"titulodescargas\"><a href=\"https:\/\/www.matiasgomatomas.com\/wp-content\/uploads\/2021\/11\/FNEE-ICAEN_14_MGT.pdf\" target=\"_blank\" rel=\"noopener noreferrer\">FICHIER: ICA012\/19\/00014<\/a><\/span><\/div>\n<p>[\/vc_column_text][vc_column_text]<\/p>\n<div class=\"iconosdescargas\"><img decoding=\"async\" class=\"iconpdf\" src=\"http:\/\/www.matiasgomatomas.com\/wp-content\/uploads\/2020\/06\/iconopdf.png\" \/><span class=\"titulodescargas\"><a href=\"https:\/\/www.matiasgomatomas.com\/wp-content\/uploads\/2022\/05\/Exp-FN-PGESI-2018-002837.pdf\" target=\"_blank\" rel=\"noopener noreferrer\">FICHIER: FN-PGESI-2018-002837<\/a><\/span><\/div>\n<p>[\/vc_column_text][vc_column_text]<\/p>\n<div class=\"iconosdescargas\"><img decoding=\"async\" class=\"iconpdf\" src=\"http:\/\/www.matiasgomatomas.com\/wp-content\/uploads\/2020\/06\/iconopdf.png\" \/><span class=\"titulodescargas\"><a href=\"https:\/\/www.matiasgomatomas.com\/wp-content\/uploads\/2023\/11\/FEDER-ICA022_21_000104.pdf\" target=\"_blank\" rel=\"noopener noreferrer\">FICHIER: ICA022\/21\/000104<\/a><\/span><\/div>\n<p>[\/vc_column_text][vc_column_text]<\/p>\n<h4 class=\"titulofichas\">INT\u00c9R\u00caTS<\/h4>\n<p>[\/vc_column_text][vc_column_text]<a style=\"color: #444;\" href=\"https:\/\/grupoindustrialcl.com\" target=\"_blank\" rel=\"noopener noreferrer\"><span class=\"titulodescargas\">GRUPO INDUSTRIAL CL<\/span><\/a>[\/vc_column_text][vc_column_text]<a href=\"http:\/\/www.aspapel.es\" target=\"_blank\" rel=\"noopener noreferrer\"><span class=\"titulodescargas\" style=\"color: #444;\">ASPAPEL<\/span><\/a>[\/vc_column_text][vc_column_text]<a style=\"color: #444;\" href=\"https:\/\/www.afco.es\" target=\"_blank\" rel=\"noopener noreferrer\"><span class=\"titulodescargas\">AFCO<\/span><\/a>[\/vc_column_text][vc_column_text]<a style=\"color: #444;\" href=\"https:\/\/www.fefco.org\" target=\"_blank\" rel=\"noopener noreferrer\"><span class=\"titulodescargas\">FEFCO<\/span><\/a>[\/vc_column_text][vc_column_text]<a style=\"color: #444;\" href=\"https:\/\/www.cepi-containerboard.org\" target=\"_blank\" rel=\"noopener noreferrer\"><span class=\"titulodescargas\">CEPI<\/span><\/a>[\/vc_column_text][\/vc_column_inner][\/vc_row_inner][\/vc_column][\/vc_row]<\/p>\n<\/section>","protected":false},"excerpt":{"rendered":"<p>[vc_row css_animation=\u00a0\u00bb\u00a0\u00bb row_type=\u00a0\u00bbrow\u00a0\u00bb use_row_as_full_screen_section=\u00a0\u00bbno\u00a0\u00bb type=\u00a0\u00bbgrid\u00a0\u00bb angled_section=\u00a0\u00bbno\u00a0\u00bb text_align=\u00a0\u00bbleft\u00a0\u00bb background_image_as_pattern=\u00a0\u00bbwithout_pattern\u00a0\u00bb el_class=\u00a0\u00bbpaddingcabecera\u00a0\u00bb z_index=\u00a0\u00bb\u00a0\u00bb css=\u00a0\u00bb.vc_custom_1592302116044{background-image: url(http:\/\/www.matiasgomatomas.com\/wp-content\/uploads\/2020\/06\/matias-goma-tomas-about.jpg?id=166) !important;}\u00a0\u00bb][vc_column css_animation=\u00a0\u00bbfadeIn\u00a0\u00bb][vc_column_text] Politique de confidentialit\u00e9 [\/vc_column_text][vc_single_image image=\u00a0\u00bb119&Prime; img_size=\u00a0\u00bbfull\u00a0\u00bb qode_css_animation=\u00a0\u00bb\u00a0\u00bb el_class=\u00a0\u00bbtrivalpapel\u00a0\u00bb][\/vc_column][\/vc_row][vc_row css_animation=\u00a0\u00bb\u00a0\u00bb row_type=\u00a0\u00bbrow\u00a0\u00bb use_row_as_full_screen_section=\u00a0\u00bbno\u00a0\u00bb type=\u00a0\u00bbgrid\u00a0\u00bb angled_section=\u00a0\u00bbno\u00a0\u00bb text_align=\u00a0\u00bbleft\u00a0\u00bb background_image_as_pattern=\u00a0\u00bbwithout_pattern\u00a0\u00bb el_class=\u00a0\u00bbpaddingsecciones\u00a0\u00bb z_index=\u00a0\u00bb\u00a0\u00bb][vc_column][vc_column_text]Chez Mat\u00edas Gom\u00e1 Tom\u00e1s S.A., nous nous engageons \u00e0 garantir que vos informations personnelles sont&#8230;<\/p>\n","protected":false},"author":1,"featured_media":0,"parent":0,"menu_order":0,"comment_status":"closed","ping_status":"closed","template":"full_width.php","meta":{"footnotes":""},"class_list":["post-1184","page","type-page","status-publish","hentry"],"_links":{"self":[{"href":"https:\/\/www.matiasgomatomas.com\/fr\/wp-json\/wp\/v2\/pages\/1184","targetHints":{"allow":["GET"]}}],"collection":[{"href":"https:\/\/www.matiasgomatomas.com\/fr\/wp-json\/wp\/v2\/pages"}],"about":[{"href":"https:\/\/www.matiasgomatomas.com\/fr\/wp-json\/wp\/v2\/types\/page"}],"author":[{"embeddable":true,"href":"https:\/\/www.matiasgomatomas.com\/fr\/wp-json\/wp\/v2\/users\/1"}],"replies":[{"embeddable":true,"href":"https:\/\/www.matiasgomatomas.com\/fr\/wp-json\/wp\/v2\/comments?post=1184"}],"version-history":[{"count":30,"href":"https:\/\/www.matiasgomatomas.com\/fr\/wp-json\/wp\/v2\/pages\/1184\/revisions"}],"predecessor-version":[{"id":2507,"href":"https:\/\/www.matiasgomatomas.com\/fr\/wp-json\/wp\/v2\/pages\/1184\/revisions\/2507"}],"wp:attachment":[{"href":"https:\/\/www.matiasgomatomas.com\/fr\/wp-json\/wp\/v2\/media?parent=1184"}],"curies":[{"name":"wp","href":"https:\/\/api.w.org\/{rel}","templated":true}]}}